{"id":996,"date":"2025-03-10T16:28:34","date_gmt":"2025-03-10T16:28:34","guid":{"rendered":"https:\/\/visionsofpolicing.com\/?page_id=996"},"modified":"2025-04-15T17:30:56","modified_gmt":"2025-04-15T17:30:56","slug":"simon-egbert-eng","status":"publish","type":"page","link":"https:\/\/visionsofpolicing.com\/en\/simon-egbert-eng\/","title":{"rendered":"Simon Egbert ENG"},"content":{"rendered":"\n<div class=\"wp-block-group is-nowrap is-layout-flex wp-container-core-group-is-layout-6c531013 wp-block-group-is-layout-flex\">\n<figure class=\"wp-block-image size-full is-resized\"><img loading=\"lazy\" decoding=\"async\" width=\"484\" height=\"338\" src=\"https:\/\/visionsofpolicing.com\/wp-content\/uploads\/2025\/03\/Skaliert_271745953.jpeg\" alt=\"\" class=\"wp-image-898\" style=\"width:175px;height:auto\" srcset=\"https:\/\/visionsofpolicing.com\/wp-content\/uploads\/2025\/03\/Skaliert_271745953.jpeg 484w, https:\/\/visionsofpolicing.com\/wp-content\/uploads\/2025\/03\/Skaliert_271745953-300x210.jpeg 300w\" sizes=\"auto, (max-width: 484px) 100vw, 484px\" \/><\/figure>\n\n\n\n<p><sub>Dr. Simon Egbert<\/sub><\/p>\n\n\n\n<p><sub><strong>Adressdaten<\/strong><\/sub><\/p>\n\n\n\n<p><sub>simon.egbert@uni-bielefeld.de<\/sub><\/p>\n<\/div>\n\n\n\n<p><\/p>\n\n\n\n<p>Vita<\/p>\n\n\n\n<p><sub>Simon Egbert, PhD, is a sociologist and criminologist working at the University of Bielefeld, Faculty of Sociology, as Principal Investigator on the sub-project on police body cams in the project alliance &#8220;Visions of Policing&#8221;, funded by the German Research Foundation as part of the Open Research Area funding program. He is also a postdoctoral researcher in the project &#8220;The Future of Prediction&#8221;, where he conducts the subproject on predictive policing. His research interests include the digitalization of society (especially policing), science and technology studies, the sociology of testing and visual sociology. He received his PhD in sociology from the University of Hamburg in 2018. Before joining Bielefeld University in 2021, he worked at the Technical University of Berlin, the University of Hamburg, and the University of Bremen.<\/sub><\/p>\n\n\n\n<p><sub><strong>Research Areas<\/strong><\/sub><\/p>\n\n\n\n<p><sub>Police Research<\/sub>\u00a0<sub>\u2013\u00a0Research on Digitalization<\/sub>\u00a0<sub>\u2013\u00a0Visual Sociology<\/sub>\u00a0<sub>\u2013 Science and Technology Studies<\/sub><\/p>\n\n\n\n<p><strong><sub>ORCID<\/sub><\/strong><sub>: 0000-0002-3729-0393<\/sub><\/p>\n\n\n\n<p><sub>Publications<\/sub><\/p>\n\n\n\n<p><sub><strong>Monographs<\/strong><\/sub><\/p>\n\n\n\n<ul class=\"wp-block-list\">\n<li><sub>Egbert, Simon (2022): Diskurs und Materialit\u00e4t. Eine Dispositivanalyse des Drogentestens. Wiesbaden: Springer VS.<\/sub><\/li>\n\n\n\n<li><sub>Egbert, Simon; Leese, Matthias (2021): Criminal Futures: Predictive Policing and Everyday Police Work. London\/New York: Routledge.<\/sub><\/li>\n\n\n\n<li><sub>Egbert, Simon; Schmidt-Semisch, Henning; Thane, Katja; Urban, Monika (2018): Drogentests in Deutschland. Eine qualitative Studie. Wiesbaden: Springer VS.<\/sub><\/li>\n<\/ul>\n\n\n\n<p><sub><strong>Editor of Journals\/Books<\/strong><\/sub><\/p>\n\n\n\n<ul class=\"wp-block-list\">\n<li><sub>Egbert, Simon; Gundhus, Helene I. O.; Galis, Vasilis (2024): The Role of Data Integration and Analy-sis Platforms in Contemporary Society. Special Issue Information, Communication &amp; Society.<\/sub><\/li>\n\n\n\n<li><sub>Jarke, Juliane; Prietl, Bianca; Egbert, Simon; Boeva, Yana; Heuer, Hendrik; Arnold, Maike (2024): Algorithmic Regimes: Interactions, Politics, and Methods. Amsterdam: Amsterdam University Press.<\/sub><\/li>\n\n\n\n<li><sub>Egbert, Simon; Bettinger, Patrick (2022): Diskurs und Materialit\u00e4t. Special Issue Zeitschrift f\u00fcr Diskursforschung 9(2).<\/sub><\/li>\n\n\n\n<li><sub>Paul, Bettina; Egbert, Simon (2021): The Socio-Materiality of Drug Control and Prevention. Special Issue Contemporary Drug Problems 48(4).<\/sub><\/li>\n\n\n\n<li><sub>Egbert, Simon; Paul, Bettina (2018): Auf dem Weg in die Pre-Crime Society? Analysen zur Vorfeldorientierung in Alltagskontexten. Themenheft Kriminologisches Journal 50 (2).<\/sub><\/li>\n\n\n\n<li><sub>Paul, Bettina; Egbert, Simon (2017): Soziotechnische Perspektiven f\u00fcr die Kriminologie. Themenheft Kriminologisches Journal 49 (2).<\/sub><\/li>\n<\/ul>\n\n\n\n<p><sub><strong>Papers in Books and Journals<\/strong><\/sub><\/p>\n\n\n\n<ul class=\"wp-block-list\">\n<li><sub>Egbert, Simon (forthcoming): Algorithmische Pr\u00e4diktion. In: Anne K. Kr\u00fcger, Cornelius Schubert, Julia Schubert, Jan-Felix Schrape (Eds.): Wissenschafts- und Technikforschung. Berlin: De Gruyter.<\/sub><\/li>\n\n\n\n<li><sub>Egbert, Simon; Janssen, Jasper (forthcoming): Polizeiliche Bodycams als videoanalytischer Gegenstand. In: Wilke, Ren\u00e9; Knoblauch, Hubert (Eds.): Audio-visuelle Daten in der empirischen qualitativen Sozialforschung: Erhebung \u2013 Analyse \u2013 Nutzung \u2013 Transkription. Weinheim\/Basel: Beltz Juventa.<\/sub><\/li>\n\n\n\n<li><sub>Egbert, Simon (forthcoming): Predictive Policing in Deutschland. Aktueller Stand und zuk\u00fcnftige Entwicklung. In: Kemme, Stefanie; Honekamp, Wilfried (Eds.): Auswirkungen von KI auf die zuk\u00fcnftige Polizeiarbeit. Wiesbaden: Springer Gabler.<\/sub><\/li>\n\n\n\n<li><sub>Mahnken, Julia Katherina; Egbert, Simon (forthcoming): Die Datafizierung als Herausforderung f\u00fcr die Fehlerkultur der Polizei. In: Seidensticker, Kai (Ed.): Fehlerkultur in der Polizei. Auspr\u00e4gung, Einflussfaktoren und M\u00f6glichkeitsr\u00e4ume. Wiesbaden: Springer VS.<\/sub><\/li>\n\n\n\n<li><sub>Berger, Tom; Egbert, Simon (forthcoming): Bodycams: Neue (Un-)Sichtbarkeit und polizeiliche Fehlerkultur. In: Seidensticker, Kai (Ed.): Fehlerkultur in der Polizei. Auspr\u00e4gung, Einflussfaktoren und M\u00f6glichkeitsr\u00e4ume. Wiesbaden: Springer VS.<\/sub><\/li>\n\n\n\n<li><sub>Egbert, Simon (2025): Platforms. In: Kaufmann, Mareile; Lomell, Heidi Mork (Eds.): Handbook on Digital Criminology. Berlin: De Gruyter.<\/sub><\/li>\n\n\n\n<li><sub>Egbert, Simon (2025): (Technik-)Soziologische Charakteristika pr\u00e4diktiver Algorithmen. In: Kusche Carsten; Stefanopoulou, Georgia (Eds.): Digitalisierung als total social fact der Kriminalwissenschaften. Baden-Baden: Nomos, 29-44.<\/sub><\/li>\n\n\n\n<li><sub>Egbert, Simon; Ulbricht, Lena (2024): Data Integration and Analysis Platform: A Conceptual Proposal. In: Information, Communication &amp; Society, 1-22.<\/sub><\/li>\n\n\n\n<li><sub>Barth, Jonas; Egbert, Simon (2024): Kann Technik sanktionieren? Der technische Vollvollzug von Normen als soziologisches Problem. In: Zeitschrift f\u00fcr Rechtssoziologie 44(2): 445-474.<\/sub><\/li>\n\n\n\n<li><sub>Egbert, Simon; Galis, Vasilis; Gundhus, Helene O. I.; Wathne, Christin Thea (2024): The Platformization of Policing: A Cross-National Analysis. In: Kuldova, Tereza \u00d8stb\u00f8; Gundhus, Helene O. I.; Wathne, Christin Thea (Eds.): The Palgrave Handbook of Cultures of Policing and Intelligence in the Big Data Era. Volume 1: Policing and Intelligence in the Global Big Data Era. Basingstoke: Palgrave, 349-392.<\/sub><\/li>\n\n\n\n<li><sub>Ulbricht, Lena; Egbert, Simon (2024): In Palantir we trust? Regulation of data analysis platforms in policing. In: Big Data &amp; Society 11(3): 1-15.<\/sub><\/li>\n\n\n\n<li><sub>Egbert, Simon; Heimst\u00e4dt, Maximilian (2024): Predictive Policing \u2013 The methodological challenges of algorithmic \u2018chains of translation\u2019 and the need for a team-based digital ethnography. In: Avis, Maya; Marciniak, Daniel; Sapignoli, Maria (Eds.): Situated AI \u2013 Global Ethnographies of New Technologies in Policing and Justice. Abingdon\/New York: Routledge, 11-127.<\/sub><\/li>\n\n\n\n<li><sub>Egbert, Simon (2024): Algorithmisches Polizieren in Deutschland: Von Predictive Policing zu plattformbasierter Polizeiarbeit. In: Zeitschrift f\u00fcr Jugendkriminalrecht und Jugendhilfe (2), 122-130.<\/sub><\/li>\n\n\n\n<li><sub>Egbert, Simon: Drogentests. In: Feustel, Robert; Schmidt-Semisch, Henning; Br\u00f6ckling, Ulrich (Eds.): Handbuch Drogen in sozial- und kulturwissenschaftlicher Perspektive. Wiesbaden: Springer VS, 429-439.<\/sub><\/li>\n\n\n\n<li><sub>Egbert, Simon: Diverse Daten, nicht-diskriminierende Algorithmen: Die Relevanz von Diversit\u00e4t in der Digitalisierung der Polizei. In: Staller, Mario S.; K\u00f6rner, Swen (Eds.): Diversit\u00e4t und Polizei \u2013 Perspektiven auf eine Polizei der Vielfalt. Wiesbaden: Springer, 281-303.<\/sub><\/li>\n\n\n\n<li><sub>Egbert, Simon: Predictive Analytics. A Sociological Perspective. In: Borch, Christian; Pardo-Guerra, Juan Pablo (Eds.): Oxford Handbook of the Sociology of Machine Learning. Oxford: Oxford University Press.<\/sub><\/li>\n\n\n\n<li><sub>Egbert, Simon; Esposito, Elena: Algorithmic Crime Prevention. From Abstract Police to Precision Policing. In: Policing &amp; Society 34(6): 521-534.<\/sub><\/li>\n\n\n\n<li><sub>Egbert, Simon: Algorithmic Futures: Governmentality and Prediction Regimes. In: Juliane Jarke, Bianca Prietl, Simon Egbert, Yana Boeva, Hendrik Heuer, Maike Arnold (Eds.): Algorithmic Regimes: Interactions, Politics, and Methods. Amsterdam: Amsterdam University Press, 265-286.<\/sub><\/li>\n\n\n\n<li><sub>Jarke, Juliane; Prietl, Bianca; Egbert, Simon; Boeva, Yana; Heuer, Hendrik: Knowing in Algorithmic Regimes. An Introduction. In: Juliane Jarke, Bianca Prietl, Simon Egbert, Yana Boeva, Hendrik Heuer, Maike Arnold (Eds.): Algorithmic Regimes: Interactions, Politics, and Methods. Amsterdam: Amsterdam University Press, 7-34.<\/sub><\/li>\n\n\n\n<li><sub>Prietl, Bianca; B\u00fcchner, Stefanie; Egbert, Simon; Jarke, Juliane; Kinder-Kurlanda, Katharina; P\u00f6chhacker, Nikolaus (2023): Knowing in Algorithmic Regimes: Discussing Methods, Interactions, and Politics. In: Conference Proceedings of the STS Conference Graz 2021. Critical Issues in Science, Technology and Society Studies, 8-10 Mai 2023, Graz.<\/sub><\/li>\n\n\n\n<li><sub>Schulz-Schaeffer, Ingo; Egbert, Simon (2023): Merkmale und Entstehungsgr\u00fcnde des Innovationsimperativs. In: Schulz-Schaeffer, Ingo; Windeler, Arnold; Seibt, David (Eds.): Innovationsgesellschaft. Befunde und Ausblick. Wiesbaden: Springer VS, 37-61.<\/sub><\/li>\n\n\n\n<li><sub>Egbert, Simon; Heimst\u00e4dt, Maximilian (2023): Predictive Policing: Performative Kriminalit\u00e4tsprognosen zwischen Undurchsichtigkeit und Granularisierung. In: Villa Braslavsky, Paula-Irene (Eds.): Polarisierte Welten. Verhandlungen des 41. Kongresses der Deutschen Gesellschaft f\u00fcr Soziologie 2022 in Bielefeld.<\/sub><\/li>\n\n\n\n<li><sub>Egbert, Simon; Mundt, Ingmar; Altstaedt, S\u00f6ren (2023): Von der Soziologie der Zukunft zur Soziologie der Zuk\u00fcnfte. In: Villa Braslavsky, Paula-Irene (Eds.): Polarisierte Welten. Verhandlungen des 41. Kongresses der Deutschen Gesellschaft f\u00fcr Soziologie 2022 in Bielefeld.<\/sub><\/li>\n\n\n\n<li><sub>Egbert, Simon (2023): Die Potenziale der Diskursforschung f\u00fcr die Analyse digitalisierter Gesellschaften. In: Zeitschrift f\u00fcr Diskursforschung. Sonderausgabe zum zehnj\u00e4hrigen Jubil\u00e4um. Heft 2\/2022: 376-383.<\/sub><\/li>\n\n\n\n<li><sub>Esposito, Elena; Heimst\u00e4dt, Maximilian; Egbert, Simon: Predictive Policing: Das Polizieren der Zukunft und die Zukunft der Polizei. In: Polizei. Wissen 6(2): 20-23 (Special Issue Zukunft der Polizei. Polizei der Zukunft, ed. by Jonas Grutzpalk und Martin Klein).<\/sub><\/li>\n\n\n\n<li><sub>Egbert, Simon; Esposito, Elena; Heimst\u00e4dt, Maximilian (2022): Predictive Policing und die algorithmische Rekonfiguration polizeilicher Entscheidungen. In: Soziale Systeme 26(1-2): 189-216.<\/sub><\/li>\n\n\n\n<li><sub>Tuma, Ren\u00e9; Egbert, Simon; Reichertz, Jo (2022): Videobilder und die Mediatisierung des Polizierens: Praktiken, Aneignung und Folgen. In: Feltes, Thomas; Klaas, Katrin; Th\u00fcne, Martin (Eds.): Digitale Polizei. Frankfurt am Main: Verlag f\u00fcr Polizeiwissenschaft, 263-280.<\/sub><\/li>\n\n\n\n<li><sub>Egbert, Simon (2022): Predictive Policing und die Neukonfiguration des Verh\u00e4ltnisses von Pr\u00e4vention und Repression. In: Feltes, Thomas; Klaas, Katrin; Th\u00fcne, Martin (Eds.): Digitale Polizei. Frankfurt am Main: Verlag f\u00fcr Polizeiwissenschaft, 113-129.<\/sub><\/li>\n\n\n\n<li><sub>Egbert, Simon; Bettinger, Patrick (2022): Diskurs und Materialit\u00e4t. Eine Einleitung ins Themenheft. In: Zeit-schrift f\u00fcr Diskursforschung 7(2), 173-180.<\/sub><\/li>\n\n\n\n<li><sub>Egbert, Simon (2022): Predictive Policing als multimodales Dispositiv. In: Bosan\u010di\u0107, Sa\u0161a\/Keller, Reiner (Eds.): Diskurse, Dispositive und Subjektivit\u00e4ten. Anwendungsfelder und Anschlussm\u00f6glichkeiten in der wissenssoziologischen Diskursforschung. Wiesbaden: Springer VS, 273-290.<\/sub><\/li>\n\n\n\n<li><sub>Egbert, Simon; Kornehl, Karolin (2022): Kommerzielle Software vs. Eigenentwicklung: Verbreitung und Ausgestaltung von Predictive Policing in Deutschland. In: Kriminologisches Journal 54(2): 83-107.<\/sub><\/li>\n\n\n\n<li><sub>Egbert, Simon; Mann, Monique (2021): Discrimination in Predictive Policing. The Myth of Objectivity and the Need for STS-Analysis. In: Badali\u010d, Vasja; Zavr\u0161nik, Ale\u0161 (Eds.): Automating Crime Prevention, Surveillance, and Military Operations. Cham: Springer, 25-46.<\/sub><\/li>\n\n\n\n<li><sub>Paul, Bettina; Egbert, Simon (2021): Associate Editor\u2019s Introduction: Sharpening the Focus\u2014Taking Into Ac-count the Socio-Materiality of Drug Control and Prevention. Contemporary Drug Problems, 48(4): 299-304.<\/sub><\/li>\n\n\n\n<li><sub>Dahm, Sebastian; Egbert, Simon (2021): Das Digitale und seine Ethnografie(n). Theoretische und methodologische \u00dcberlegungen zum ethnografischen Forschungsstil im algorithmischen Zeitalter. In: Birgit Bl\u00e4ttel-Mink (Eds.): Gesellschaft unter Spannung. Verhandlungen des 40. Kongresses der Deutschen Gesellschaft f\u00fcr Soziologie in Berlin 2020.<\/sub><\/li>\n\n\n\n<li><sub>Kastner, Fatima; Egbert, Simon; M\u00f6lders, Marc (2021): Algorithmen im Recht. Grundz\u00fcge rechtssoziologischer \u00dcberlegungen zu K\u00fcnstlicher Intelligenz, machine learning und Co. In: Birgit Bl\u00e4ttel-Mink (Eds.): Gesellschaft unter Spannung. Verhandlungen des 40. Kongresses der Deutschen Gesellschaft f\u00fcr Soziologie in Berlin 2020.<\/sub><\/li>\n\n\n\n<li><sub>Egbert, Simon (2021): Predictive Policing und die (Re-)Produktion organisationaler (Un-)Gewissheit. In: Dimbath, Oliver; Pfadenhauer, Michaela (Eds.): Gewissheit. Beitr\u00e4ge und Debatten zum 3. Sektions-kongress der Wissenssoziologie. Weinheim\/Basel: Beltz Juventa, 477-487.<\/sub><\/li>\n\n\n\n<li><sub>Egbert, Simon (2020): Predictive Policing als Treiber rechtlicher Innovation? In: Zeitschrift f\u00fcr Rechtssoziologie 40 (1-2): 26-51.<\/sub><\/li>\n\n\n\n<li><sub>Heimst\u00e4dt, Maximilian; Egbert, Simon; Esposito, Elena (2020): A Pandemic of Prediction: On the Circulation of Contagion Models between Public Health and Public Safety. In: Sociologica \u2013 International Journal for Sociological Debate 14 (3): Art. #11470, 1-24.<\/sub><\/li>\n\n\n\n<li><sub>Grieser, Christopher; Egbert, Simon (2020): Algorithmen als automatisierte Ranglisten. Potenziale der Soziologie der Quantifizierung f\u00fcr die Digitalisierungsforschung. Sociology of Science Discussion Pa-pers 3\/2020.<\/sub><\/li>\n\n\n\n<li><sub>Egbert, Simon (2020): Predictive Policing: Pr\u00e4vention on steroids? In: Polizei. Wissen. 4(2): 33-35 (Special Issue Polizei vor der Lage, ed. by. Jonas Grutzpalk).<\/sub><\/li>\n\n\n\n<li><sub>Egbert, Simon (2020): Datafizierte Polizeiarbeit \u2013 (Wissens-)Praktische Implikationen und rechtliche Herausforderungen. In: Hunold, Daniela &amp; Ruch, Andreas (Eds.): Polizeiarbeit zwischen Praxishandeln und Rechtsordnung. Empirische Polizeiforschungen zur polizeipraktischen Ausgestaltung des Rechts. Wiesbaden: Springer VS, 77-100.<\/sub><\/li>\n\n\n\n<li><sub>Egbert, Simon; Krasmann, Susanne (2020): Predictive Policing: not yet, but soon preemptive? In: Policing and Society 30 (8): 905-919.<\/sub><\/li>\n\n\n\n<li><sub>Thurn, Roman; Egbert, Simon (2019): Predictive Policing: Die Algorithmisierung der Polizei als Risiko f\u00fcr die B\u00fcrgerrechte? In: Vorg\u00e4nge Nr. 227 58 (3), 71-84.<\/sub><\/li>\n\n\n\n<li><sub>Egbert, Simon (2019): Die Multimodalit\u00e4t von Diskursen und die Rekonstruktion dispositiver Konstruktionen von Wirklichkeit \u2013 ein programmatischer Vorschlag aus techniksoziologischer Perspektive. In: Bosan\u010di\u0107, Sa\u0161a; Keller, Reiner (Eds.): Diskursive Konstruktionen. Kritik, Materialit\u00e4t, Subjektivierung, Interdisziplinarit\u00e4t \u2013 Perspektiven Wissenssoziologischer Diskursforschung II. Wiesbaden: Springer VS, 75-91.<\/sub><\/li>\n\n\n\n<li><sub>Egbert, Simon; Paul, Bettina (2019): Preemptive \u201eScreening for Malintent\u201c: The Future Attribute Screening Technology (FAST) as Double Future Device. In: Futures Vol. 109, 108-116.<\/sub><\/li>\n\n\n\n<li><sub>Egbert, Simon; Thane, Katja; Urban, Monika (2019): Cannabis als Dopingmittel \u2013 eine substanzzentrierte Ann\u00e4herung an die Rationalit\u00e4ten des Drogentestens im Leistungssport. In: Zurawski, Nils; Scharf, Marcel (Eds.): Kritik des Anti-Doping. Eine konstruktive Auseinandersetzung zu Methoden und Strategien im Kampf gegen Doping. Bielefeld: transcript, 69-98.<\/sub><\/li>\n\n\n\n<li><sub>Kaufmann, Mareile; Egbert, Simon; Leese, Matthias (2019): Predictive Policing and the Politics of Patterns. In: The British Journal of Criminology 59 (3), 674-692.\u00a0<\/sub><\/li>\n\n\n\n<li><sub>Egbert, Simon (2019): Predictive Policing and the Platformization of Police Work. In: Surveillance &amp; Society 17 (1\/2), 83-88.<\/sub><\/li>\n\n\n\n<li><sub>Paul, Bettina; Egbert, Simon (2019): Atemalkoholgesteuerte Wegfahrsperren als soziotechnische Vermittler von (automatisierter) Sicherheit. In: Neue Kriminalpolitik 31 (1), S. 93-109.<\/sub><\/li>\n\n\n\n<li><sub>Egbert, Simon (2018): Predictive Policing in Deutschland. Grundlagen, Risiken, (m\u00f6gliche) Zukunft. In: Strafverteidigervereinigungen (Eds.): R\u00e4ume der Unfreiheit. Texte und Ergebnisse des 42. Strafverteidigertages M\u00fcnster, 2. \u2013 4.3.2018. Berlin: Organisationsb\u00fcro der Strafverteidigervereinigungen, 241-265.<\/sub><\/li>\n\n\n\n<li><sub>Egbert, Simon (2018): Predictive Policing und die soziotechnische Konstruktion ethnisch codierter Verd\u00e4chtigkeit. In: Pfadenhauer, Michaela; Poferl, Angelika (Eds.): Wissensrelationen. Beitr\u00e4ge und Debatten zum 2. Sektionskongress der Wissenssoziologie. Weinheim, Basel: Beltz Juventa, 653-663.<\/sub><\/li>\n\n\n\n<li><sub>Egbert, Simon (2018): Soziotechnische Herstellung von (Un-)Sicht- und (Un-)Sagbarkeiten. Drogentests als skopische Medien und die epistemische Typizit\u00e4t visuellen Wissens. In: Pfadenhauer, Michaela; Poferl, Angelika (Eds.): Wissensrelationen. Beitr\u00e4ge und Debatten zum 2. Sektionskongress der Wissenssoziologie. Weinheim, Basel: Beltz Juventa, 241-251.\u00a0<\/sub><\/li>\n\n\n\n<li><sub>Egbert, Simon (2018): On Security Discourses and Techno-Fixes \u2013 The Political Framing and Implementation of Predictive Policing in Germany. In: European Journal for Security Research 3 (2), 95-114.<\/sub><\/li>\n\n\n\n<li><sub>Egbert, Simon (2018): Drogentests und \u201aAlltags-Pr\u00e4emption\u2018, in: Kriminologisches Journal 50 (2), 106-122.<\/sub><\/li>\n\n\n\n<li><sub>Egbert, Simon (2018): Hochbegabung messen? \u2013 Programmatische \u00dcberlegungen aus testsoziologischer Perspektive. In: B\u00f6ker, Arne; Horvath, Kenneth (Eds.): Begabung und Gesellschaft. Kritische Perspektiven auf Diskurse und Praktiken. Wiesbaden: Springer VS, 117-137.<\/sub><\/li>\n\n\n\n<li><sub>Egbert, Simon; Paul, Bettina (2018): Moderne Verfahren der L\u00fcgendetektion als sicherheitspolitische Innovationen \u2013 Technikgenese zwischen diskursiven Versprechungen und materialer Intervention. In: Bosan\u010di\u0107, Sa\u0161a; B\u00f6schen, Stefan; Schubert, Cornelius (Eds.): Diskursive Konstruktion und sch\u00f6pferische Zerst\u00f6rung. Begegnungen von Innovationsforschung und Diskursanalyse. 2. Beiheft der Zeitschrift f\u00fcr Diskursforschung. Weinheim: Beltz, 129-159.<\/sub><\/li>\n\n\n\n<li><sub>Biebert, Martina; Egbert, Simon (2017): Sp\u00fcrhunde im \u201awar on terror\u2018 \u2013 pr\u00e4emptive Praxis humanimalischer Sicherheitsproduktion. In: Tiere und Krieg. Themenheft Tierstudien 12\/2017 (ed. by Jessica Ullrich; Mieke Roscher), 71-86.<\/sub><\/li>\n\n\n\n<li><sub>Egbert, Simon (2017): Siegeszug der Algorithmen? Predictive Policing im deutschsprachigen Raum. In: Aus Politik und Zeitgeschichte 67 (32-33), 17-23.<\/sub><\/li>\n\n\n\n<li><sub>Paul, Bettina; Egbert, Simon (2017): Zur Einf\u00fchrung in das Themenheft: \u00dcber den Mehrwert sozio-technischer Perspektiven f\u00fcr die Kriminologie. In: Kriminologisches Journal 49 (2), 87-102.<\/sub><\/li>\n\n\n\n<li><sub>Paul, Bettina; Egbert, Simon (2016). Drug Testing for Evidence? A Sociotechnical Practice. In: O\u2019Gorman, Aileen; Potter, Gary; Fountain, Jane (Hg.): Evidence in Social Drug Research and Drug Policy. Lengerich: Pabst, 99-112.<\/sub><\/li>\n\n\n\n<li><sub>Egbert, Simon; Paul, Bettina (2016): Devices of lie detection as diegetic technologies in the \u2018war on terror\u2019, in: Bulletin of Science, Technology &amp; Society 35 (3-4), 84-92.<\/sub><\/li>\n\n\n\n<li><sub>Egbert, Simon; Thane, Katja; Urban, Monika; Schmidt-Semisch, Henning (2016): Technologisierung des Vertrauens. Zu Drogentestpraktiken im Pflegekinderwesen, in: Neue Praxis 46 (3), 251-262.<\/sub><\/li>\n\n\n\n<li><sub>Thane, Katja; Egbert, Simon; Urban, Monika; Schmidt-Semisch, Henning (2016): Drogentestanwendungen in Deutschland. Eine qualitative Bestandsaufnahme, in: Kriminologisches Journal, 48 (1), 62-72.<\/sub><\/li>\n\n\n\n<li><sub>Urban, Monika; Egbert, Simon; Thane, Katja; Schmidt-Semisch, Henning (2016): Die Allt\u00e4glichkeit des Testens: Drogenkonsumkontrollen im Kontext von Arbeit und Ausbildung, in: Dollinger, Bernd; Schmidt-Semisch, Henning (Eds.): Sicherer Alltag? Politiken und Mechanismen der Sicherheitskonstruktion im Alltag, Wiesbaden: Springer Fachmedien Wiesbaden, 215-236.<\/sub><\/li>\n\n\n\n<li><sub>Egbert, Simon (2015): Drogentestpraktiken an deutschen Arbeitspl\u00e4tzen und die Konstruktion von Drogenkonsum als Sicherheitsrisiko, in: Dollinger, Bernd; Groenemeyer, Axel; Rzepka, Dorothea (Eds.): Devianz als Risiko. Neue Perspektiven des Umgangs mit abweichendem Verhalten, Delinquenz und sozialer Auff\u00e4lligkeit. Weinheim und Basel: Beltz Juventa, 172-190.<\/sub><\/li>\n\n\n\n<li><sub>Paul, Bettina; Egbert, Simon (2014): L\u00fcgendetektion per Neuroimaging \u2013 Visuelle Verdachtstechno-logien als soziotechnische Ensembles, in: Kriminologisches Journal 46 (3), 153-167.<\/sub><\/li>\n\n\n\n<li><sub>Egbert, Simon; Paul, Bettina (2013): Augenscheinlich \u00fcberf\u00fchrt: Drogentests als visuelle Selektions-technologie, in: Dellwing, Michael; Harbusch, Martin (Eds.): Krankheitskonstruktionen und Krankheitstreiberei. Die Renaissance der soziologischen Psychiatriekritik, Wiesbaden: Springer VS, S. 233-269.<\/sub><\/li>\n<\/ul>\n","protected":false},"excerpt":{"rendered":"<p>Dr. Simon Egbert Adressdaten simon.egbert@uni-bielefeld.de Vita Simon Egbert, PhD, is a sociologist and criminologist working at the University of Bielefeld, Faculty of Sociology, as Principal Investigator on the sub-project on police body cams in the project alliance &#8220;Visions of Policing&#8221;, funded by the German Research Foundation as part of the Open Research Area funding program. [&hellip;]<\/p>\n","protected":false},"author":4,"featured_media":0,"parent":0,"menu_order":0,"comment_status":"closed","ping_status":"closed","template":"","meta":{"footnotes":""},"class_list":["post-996","page","type-page","status-publish","hentry"],"_links":{"self":[{"href":"https:\/\/visionsofpolicing.com\/en\/wp-json\/wp\/v2\/pages\/996","targetHints":{"allow":["GET"]}}],"collection":[{"href":"https:\/\/visionsofpolicing.com\/en\/wp-json\/wp\/v2\/pages"}],"about":[{"href":"https:\/\/visionsofpolicing.com\/en\/wp-json\/wp\/v2\/types\/page"}],"author":[{"embeddable":true,"href":"https:\/\/visionsofpolicing.com\/en\/wp-json\/wp\/v2\/users\/4"}],"replies":[{"embeddable":true,"href":"https:\/\/visionsofpolicing.com\/en\/wp-json\/wp\/v2\/comments?post=996"}],"version-history":[{"count":4,"href":"https:\/\/visionsofpolicing.com\/en\/wp-json\/wp\/v2\/pages\/996\/revisions"}],"predecessor-version":[{"id":1004,"href":"https:\/\/visionsofpolicing.com\/en\/wp-json\/wp\/v2\/pages\/996\/revisions\/1004"}],"wp:attachment":[{"href":"https:\/\/visionsofpolicing.com\/en\/wp-json\/wp\/v2\/media?parent=996"}],"curies":[{"name":"wp","href":"https:\/\/api.w.org\/{rel}","templated":true}]}}