{"id":990,"date":"2025-03-10T16:27:29","date_gmt":"2025-03-10T16:27:29","guid":{"rendered":"https:\/\/visionsofpolicing.com\/?page_id=990"},"modified":"2025-06-25T22:13:00","modified_gmt":"2025-06-25T22:13:00","slug":"rene-tuma-eng","status":"publish","type":"page","link":"https:\/\/visionsofpolicing.com\/en\/rene-tuma-eng\/","title":{"rendered":"Ren\u00e9 Tuma ENG"},"content":{"rendered":"\n<div class=\"wp-block-group is-nowrap is-layout-flex wp-container-core-group-is-layout-6c531013 wp-block-group-is-layout-flex\">\n<figure class=\"wp-block-image size-large is-resized\"><img loading=\"lazy\" decoding=\"async\" width=\"1024\" height=\"1024\" src=\"https:\/\/visionsofpolicing.com\/wp-content\/uploads\/2025\/03\/Rene-Skizze-neu-4-1-1-1024x1024.jpg\" alt=\"\" class=\"wp-image-894\" style=\"width:145px;height:auto\" srcset=\"https:\/\/visionsofpolicing.com\/wp-content\/uploads\/2025\/03\/Rene-Skizze-neu-4-1-1-1024x1024.jpg 1024w, https:\/\/visionsofpolicing.com\/wp-content\/uploads\/2025\/03\/Rene-Skizze-neu-4-1-1-300x300.jpg 300w, https:\/\/visionsofpolicing.com\/wp-content\/uploads\/2025\/03\/Rene-Skizze-neu-4-1-1-150x150.jpg 150w, https:\/\/visionsofpolicing.com\/wp-content\/uploads\/2025\/03\/Rene-Skizze-neu-4-1-1-768x768.jpg 768w, https:\/\/visionsofpolicing.com\/wp-content\/uploads\/2025\/03\/Rene-Skizze-neu-4-1-1.jpg 1181w\" sizes=\"auto, (max-width: 1024px) 100vw, 1024px\" \/><\/figure>\n\n\n\n<p><sub><br>Dr. Ren\u00e9 Tuma<\/sub><\/p>\n\n\n\n<p><sub>+49 (0)30 314-79850 rene.tuma@tu-berlin.de<\/sub><\/p>\n\n\n\n<p><sup>Fraunhoferstra\u00dfe 33-36 (FH 9-1)<br>10587 Berlin<br>Deutschland<\/sup><\/p>\n<\/div>\n\n\n\n<p><\/p>\n\n\n\n<p>Vita<\/p>\n\n\n\n<p><sub>Ren\u00e9 Tuma is a sociologist, currently Guest Professor for &#8220;General Sociology and Theory of Modern Societies&#8221; at Technische Universit\u00e4t Berlin, 2024 Guest Professor for &#8220;Comparative Policy Analysis and Qualitative Methods&#8221; at University of Vienna. He is the principal investigator for a project funded by the Open Research Area for the Social Sciences Research Group with the Title  \u201eVisions of Policing: How Visual Technologies Shape Police Oversight and Training\u201c. He is associated with the CRC 1265 &#8220;Refiguration of Spaces&#8221; at TU Berlin and the University of Amsterdam Violent Interactions Group. His research interests include Interpretive &amp; Qualitative Methods,Interpretive Sociology, Reflexive Methodology, Sociological Theory, Sociology of Knowledge, Sociology of Interactions, Sociology of Technology and Infrastructure, Sociology of the Visual, and Sociology of Violence. Ren\u00e9 Tuma has obtained a Dr. phil. in Sociology from the Technische Universit\u00e4t Berlin in 2014 and an MSc in Medicine, Science &amp; Society from King\u2019s College London in 2008. He is a founding member of the working group Videoanalyse.net and has published widely on videographic methods and methodology.<\/sub><\/p>\n\n\n\n<p><sub><strong>ORCiD<\/strong>&nbsp;https:\/\/orcid.org\/0000-0001-9672-1694<\/sub><\/p>\n\n\n\n<div class=\"wp-block-group has-global-padding is-layout-constrained wp-block-group-is-layout-constrained\">\n<p><sub><strong>ORCiD<\/strong>&nbsp;https:\/\/orcid.org\/0000-0001-9672-1694<\/sub><\/p>\n\n\n\n<p><sub><strong>Publications<\/strong><\/sub><\/p>\n\n\n\n<p><sub><strong>Monogaphs<\/strong><\/sub><\/p>\n\n\n\n<ul class=\"wp-block-list\">\n<li><sub><strong>2017<\/strong>&nbsp;Videoprofis im Alltag \u2013 Die kommunikative Vielfalt der Videoanalyse. Wiesbaden: Springer-VS.<\/sub><\/li>\n\n\n\n<li><sub><strong>2014<\/strong>&nbsp;(together with Hubert Knoblauch and Bernt Schnettler) Videography: Introduction to Interpretive Videoanalysis of Social Situations. Lang.<\/sub><\/li>\n\n\n\n<li><strong><sub>2<\/sub><\/strong><sub><strong>013<\/strong>&nbsp;(together with Hubert Knoblauch and Bernt Schnettler) Videographie. Einf\u00fchrung in die Video-Analyse sozialer Situationen. Springer-VS.<\/sub><br><br><strong><sub>Editor of Journals and Books<\/sub><\/strong><br><\/li>\n\n\n\n<li><sub><strong>2025<\/strong>&nbsp;(Eds. together with Ajit Singh and Christian Meier zu Verl) Video-Analysis and Knowledge on Rewind: Contributions to Social Theory and the Sociology of Knowledge. Routledge.<\/sub><\/li>\n\n\n\n<li><sub><strong>2022<\/strong>&nbsp;(Eds. together with Jo Reichertz and Thomas Hoebel) Visibilities of Violence \u2013 Videoanalysis and beyond? HSR Historical Sociological Research.<\/sub><\/li>\n\n\n\n<li><sub><strong>2019<\/strong>&nbsp;(Eds. together with Bernt Schnettler, Dirk vom Lehn, Boris Traue and Thomas Eberle) Kleines Al(e)phabet des Kommunikativen Konstruktivismus. Fundus Omnium Communicativum \u2013 Hubert Knoblauch zum 60. Geburtstag. Springer-VS.<\/sub><\/li>\n\n\n\n<li><sub><strong>2017<\/strong>&nbsp;(Eds. together with Barbara Gruning) Symposium \u201aSpace, Interaction and Communication\u2018, in Sociologica.<\/sub><\/li>\n\n\n\n<li><sub><strong>2017<\/strong>&nbsp;(Eds. together with Jo Reichertz) Der Kommunikative Konstruktivismus bei der Arbeit. Beltz Juventa.<\/sub><\/li>\n\n\n\n<li><sub><strong>2014<\/strong>&nbsp;(Eds. together with Hubert Knoblauch and Mark Jacobs) Culture, Communication, and Creativity: Reframing the Relations of Media, Knowledge, and Innovation. New York: Lang.<\/sub><\/li>\n\n\n\n<li><sub><strong>2012<\/strong>&nbsp;(Eds. together with Petra Lucht and Lisa-Marian Schmidt) Visuelles Wissen und Bilder des Sozialen. Aktuelle Entwicklungen in der Soziologie des Visuellen. Springer-VS.<\/sub><br><br><strong><sub>Papers in Books and Journals<\/sub><\/strong><br><\/li>\n\n\n\n<li><sub><strong>in Preparation <\/strong>(together with Simon Egbert, Mina Godarzani-Bakhtiari &amp; Jasper Janssen) Geb\u00e4ndigte (Un-)Sichtbarkeit? Visualit\u00e4tsbezogene Praktiken und Deutungen im Kontext aktueller polizeilicher Arbeit. In: G\u00f6llnitz, Martin (Ed.) Geb\u00e4ndigte Unsicherheit: Mediale Inszenierungen von Polizei und Verbrechen. Nomos.<\/sub><\/li>\n\n\n\n<li><sub><strong>in Preparation<\/strong> Gewaltvielfalt. Von der einheitlichen Kategorie zur Analyse unterschiedlicher kommunikativer Gewaltformen. In Coenen E. &amp; Benkel, T. (Eds.) Gewaltwissen. Beltz-Juventa.<\/sub><\/li>\n\n\n\n<li><sub><strong>in Print <\/strong>(together with Simon Egbert, Mina Godarzani-Bakhtiari &amp; Jasper Janssen) Die Neue Sichtbarkeit der Polizei: Eine kritische Diskussion aus visualit\u00e4tssoziologischer&nbsp;Perspektive. Kriminologisches Journal.<\/sub><\/li>\n\n\n\n<li><sub><strong>2025&nbsp;<\/strong>(together with Mina Godarzani-Bakhtiari) Vom flachen Bild zur verr\u00e4umlichten visuellen Analyse: Forensic Architecture und die Verschachtelung von Big Visual Data. Schweizer Zeitschrift f\u00fcr Soziologie.<\/sub><\/li>\n\n\n\n<li><sub><strong>2025 <\/strong>(together with Michael Staack) Fighting Styles and Bodily Knowledge in Street Fights. In A. Singh, C. Meier Zu Verl, &amp; R. Tuma (Eds.), Video-Analysis and Knowledge on Rewind: Contributions to Social Theory and the Sociology of Knowledge. Routledge.<\/sub><\/li>\n\n\n\n<li><sub><strong>2025<\/strong>&nbsp;(together with Silke Steets) Netzwerkfiguren: Rekonfigurationen des Internets als Refiguration von R\u00e4umen. Berliner Journal f\u00fcr Soziologie. Online first.<\/sub> <\/li>\n\n\n\n<li><sub><strong>2024&nbsp;<\/strong>(together with Arne Maibaum and Philipp Graf). On the Use of Videography in HRI. In I. Bock &amp; F. Muhle. Communicative AI in (Inter-)Action. Investigating Human-Machine Encounters Outside the Laboratory (pp. 217-247). transcript<\/sub><\/li>\n\n\n\n<li><sub><strong>2024<\/strong>&nbsp;(together with Hubert Knoblauch). Videography and space. In A. J. Heinrich, S. Marguin, A. Million, &amp; J. Stollmann (Eds.), Handbook of Qualitative and Visual Methods in Spatial Research (pp. 165\u2013176). transcript<\/sub><\/li>\n\n\n\n<li><sub><strong>2023<\/strong>&nbsp;Trans-Sequentielle Analyse und Kommunikativ-Konstruktivistische Videographie: Kommunikative Formen, interaktive Trajektorien und Arbeitsb\u00f6gen. Sozialer Sinn, 24(2), 315\u2013352.<\/sub><\/li>\n\n\n\n<li><sub><strong>2023<\/strong>&nbsp;Potentiale der Gattungsanalyse f\u00fcr die Gewaltsoziologie. In: Knoblauch, H. &amp; A. Singh (Eds.) Kommunikative Gattungen und Events. Springer VS.<\/sub><\/li>\n\n\n\n<li><sub><strong>2023<\/strong>&nbsp;(together with Simon Egbert and Jo Reichertz) Videobilder und die Mediatisierung des Polizierens: Praktiken, Aneignung und Folgen. In: Digitale Polizei. Feltes T, Klaas K, Th\u00fcne M (Eds.), Verlag f\u00fcr Polizeiwissenschaft: 263-280.<\/sub><\/li>\n\n\n\n<li><sub><strong>2022<\/strong>&nbsp;(together with Arne Janz). Centers of coordination refigured?: Control of synthetic space. In Gabriela Christmann &amp; H. Knoblauch (Eds.), Communicative Constructions and the Refiguration of Spaces (pp. 154\u2013173). Routledge.<\/sub><\/li>\n\n\n\n<li><sub><strong>2022<\/strong>&nbsp;(together with Jo Reichertz and Thomas Hoebel) Introduction. In: Hoebel, Thomas, Reichertz, Jo &amp; Ren\u00e9 Tuma (Eds.), Visibilities of Violence \u2013 Videoanalysis and beyond? HSR Historical Sociological Research. 47(1). 7-35.<\/sub><\/li>\n\n\n\n<li><sub><strong>2022<\/strong>&nbsp;(together with Ekkehard Coenen) Contextural and Contextual \u2013 Introducing a Heuristic of Third Parties in Sequences of Violence. In: Hoebel, Thomas, Reichertz, Jo &amp; Ren\u00e9 Tuma (Eds.), Visibilities of Violence \u2013 Videoanalysis and beyond? HSR Historical Sociological Research. . 47(1). 200-224.<\/sub><\/li>\n\n\n\n<li><sub><strong>2022<\/strong>&nbsp;(together with Don Weenink and Marly van Bruchem). How to Start a Fight: A Qualitative Video Analysis of the Trajectories Toward Violence Based on Phone-Camera Recorded Fights. Human Studies, 45(3), 577\u2013605. https:\/\/doi.org\/10.1007\/s10746-022-09634-6<\/sub><\/li>\n\n\n\n<li><sub><strong>2022<\/strong>&nbsp;(together with Leopold Meinert) 360\u00b0-Videoaufnahmen als Daten der Videographie \u2013 Zusammenhang von Aufzeichnung, Repr\u00e4sentation und Forschungsgegenstand. In: Windscheid J., Gold B. (Eds.) 360\u00b0-Videos in der empirischen Sozialforschung. Springer-VS. 35-64.<\/sub><\/li>\n\n\n\n<li><sub><strong>2022<\/strong>&nbsp;Videobasierte Ethnographie. In: A. Poferl &amp; N. Schroer (Eds.) Handbuch Soziologische Ethnographie. Springer-VS.<\/sub><\/li>\n\n\n\n<li><sub><strong>2021<\/strong>&nbsp;Gewalt als Kommunikation \u2013 Kommunikationsmacht der Gewalt. In: N. Schroer, O. Bidlo, V. Keysers, &amp; M. Roslon (Eds.) Facetten der Kommunikationsmacht: Stellungnahmen, Illustrationen, Anregungen. Beltz Juventa. 216-233.<\/sub><\/li>\n\n\n\n<li><sub><strong>2021<\/strong>&nbsp;(together with Hubert Knoblauch) Video und Raum. In: A.-.J. Heinrich, S. Marguin, A. Million &amp; J. Stollmann (Eds.) Methoden der qualitativen Raumforschung. Ein interdisziplin\u00e4res Handbuch. UTB.<\/sub><\/li>\n\n\n\n<li><sub><strong>2021<\/strong>&nbsp;Video in Social Research. In: D. vom Lehn &amp; W. Gibson (Eds.). Handbook of Symbolic Interaction. Routledge. 369-380.<\/sub><\/li>\n\n\n\n<li><sub><strong>2021<\/strong>&nbsp;Schaffen Videoaufzeichnungen Verbindlichkeit? In: J. Raab &amp; S. Hoggenm\u00fcller, Prek\u00e4re Verbindlichkeiten. Normierungen, ihre \u00dcberschreitungen und die kommunikative Vermittlung von Abweichungen. Springer VS. 147-172.<\/sub><\/li>\n\n\n\n<li><sub><strong>2021<\/strong>&nbsp;(together with Christian Meier zu Verl) Video Analysis and Ethnographic Knowledge: An Empirical Study of Video Analysis Practices. Journal of Contemporary Ethnography, 50(1), 120\u2013144. https:\/\/doi.org\/10.1177\/0891241620973716<\/sub><\/li>\n\n\n\n<li><sub><strong>2020<\/strong>&nbsp;(together with Hubert Knoblauch) Videography and Video Analysis. (2020). In SAGE Research Methods Foundations. SAGE Publications Ltd. https:\/\/doi.org\/10.4135\/9781526421036805699<\/sub><\/li>\n\n\n\n<li><sub><strong>2020<\/strong>&nbsp;Professional interpretation in Sports Training \u2013An Analysis of communicative Practices of Vernacular Video Analysis. Socilogical Annual \/ \u0413\u041e\u0414\u0418\u0428\u040a\u0410\u041a \u0417\u0410 \u0421\u041e\u0426\u0418\u041e\u041b\u041e\u0413\u0418\u0408\u0423, 25(1), S. 9\u201331. doi.org\/10.46630\/gsoc.25.2020.01<\/sub><\/li>\n\n\n\n<li><sub><strong>2019<\/strong>&nbsp;Vernacular Video Analysis \u2013 Communicative Construction of Evidence in Police Work. In: Society Register 3(1) 137-162.<\/sub><\/li>\n\n\n\n<li><sub><strong>2018<\/strong>&nbsp;Ph\u00e4nomenologie der Virtual Reality Brille: Sinneswelten des Digitalen. In: A. Poferl: Wissensrelationen. Kongressband zum Sektionskongress der Sektion Wissenssoziologie 2017.<\/sub><\/li>\n\n\n\n<li><sub><strong>2018<\/strong>&nbsp;(together with Eric Lettkemann) Die Geburt der sozialwissenschaftlichen Videoanalyse aus der transversalen Kultur visueller Aufzeichnungstechnologien. In: R. Keller &amp; A. Poferl (Eds.). Wissenskulturen der Soziologie. Beltz-Juventa.<\/sub><\/li>\n\n\n\n<li><sub><strong>2018<\/strong>&nbsp;(together with Hubert Knoblauch) Videographie. In: L. Akremi, N. Baur, H.Knoblauch &amp; B.Traue : Handbuch Interpretativ forschen. Beltz Juventa<\/sub><\/li>\n\n\n\n<li><sub><strong>2018<\/strong>&nbsp;Video-Interaktionsanalyse. In: Moritz C., Corsten M. (Eds.) Handbuch Qualitative Videoanalyse. Springer-VS.<\/sub><\/li>\n\n\n\n<li><sub><strong>2018<\/strong>&nbsp;Reflexive Videoanalyse. In: M. Hietzge (Eds.) Interdisziplin\u00e4re Videoanalyse: Rekonstruktionen einer Videosequenz aus unterschiedlichen Blickwinkeln. (S.259-790). Budrich.<\/sub><\/li>\n\n\n\n<li><sub><strong>2017<\/strong>&nbsp;(together with Ren\u00e9 Wilke) Zur Geschichte und Rezeption der \u201aGesellschaftlichen Konstruktion der Wirklichkeit\u2018. In: S. Moebius &amp; A. Ploder (Hg.), Handbuch Geschichte der deutschsprachigen Soziologie. Springer-VS.<\/sub><\/li>\n\n\n\n<li><sub><strong>2017<\/strong>&nbsp;(together with Barbara Gruning) Space, Interaction and Communication. Sociology In Dialogue with Spatial Studies: An Introduction. In: Sociologica 11 (2). 1-16.<\/sub><\/li>\n\n\n\n<li><sub><strong>2017<\/strong>&nbsp;(together with Hubert Knoblauch) Videoanalyse. In: R. Gugutzer, G. Klein, &amp; M. Meuser (Eds.), Handbuch K\u00f6rpersoziologie. Springer-VS. 409\u2013422.<\/sub><\/li>\n\n\n\n<li><sub><strong>2017<\/strong>&nbsp;(together with Jo Reichertz) Der kommunikative Konstruktivismus bei der Arbeit. in: J. Reichertz &amp; R. Tuma (Hg.), Der Kommunikative Konstruktivismus bei der Arbeit. Beltz Juventa, 1-31.<\/sub><\/li>\n\n\n\n<li><sub><strong>2017<\/strong>&nbsp;Vernakulare Videoanalyse. Die kommunikativen Formen der Spurensuche und Beweisproduktion. In: J. Reichertz &amp; R. Tuma (Hg.), Der Kommunikative Konstruktivismus bei der Arbeit. Beltz Juventa, 291-318.<\/sub><\/li>\n\n\n\n<li><sub><strong>2016<\/strong>&nbsp;(together with Hubert Knoblauch) Praxis, kommunikatives Handeln und die Videoanalyse der Videoanalyse. In: A. Deppermann, H. Feilke &amp; A. Linke (Eds.) Sprachliche und kommunikative Praktiken. de Gruyter. 229-250.<\/sub><\/li>\n\n\n\n<li><sub><strong>2016<\/strong>&nbsp;(together with Hubert Knoblauch) Wissen. In: Johannes Kopp and Anja Steinbach (Eds.) Grundbegriffe der Soziologie. 11. Aufl. Springer-VS. 379-382.<\/sub><\/li>\n\n\n\n<li><sub><strong>2014<\/strong>&nbsp;(together with Bernt Schnettler) Videographie. In: N. Baur &amp; J. Blasius (Eds.), Handbuch Methoden der empirischen Sozialforschung). Springer-VS. 875\u2013886.<\/sub><\/li>\n\n\n\n<li><sub><strong>2014<\/strong>&nbsp;(together with Hubert Knoblauch and Bernt Schnettler) Videoanalysis and Videography. In: U. Flick (Eds.), The SAGE Handbook of Qualitative Data Analysis. Sage. 435-450.<\/sub><\/li>\n\n\n\n<li><sub><strong>2012<\/strong>&nbsp;(together with Lisa-Marian Schmidt) Soziologie des visuellen Wissens \u2013 Vorl\u00e4ufer, Relevanz und Perspektiven. In: P. Lucht, L.-M. Schmidt &amp; R. Tuma, Ren\u00e9: Visuelles Wissen und Bilder des Sozialen. Aktuelle Entwicklungen in der Soziologie des Visuellen. Springer-VS. 11-31.<\/sub><\/li>\n\n\n\n<li><sub><strong>2012<\/strong>&nbsp;Visuelles Wissen: Die Videoanalyse im Blick. In: P. Lucht, L.-M. Schmidt &amp; R. Tuma, Ren\u00e9: Visuelles Wissen und Bilder des Sozialen. Aktuelle Entwicklungen in der Soziologie des Visuellen. Springer-VS. 49-69.<\/sub><\/li>\n\n\n\n<li><sub><strong>2012<\/strong>&nbsp;\u201cThe (Re)Construction of Human Conduct: \u00abVernacular Video Analysis\u00bb.\u201d Qualitative Sociology Review 8(2) 152-16.<\/sub><\/li>\n\n\n\n<li><sub><strong>2012<\/strong>&nbsp;Die kommunikative Video-(Re)Konstruktion: In: R. Keller, H. Knoblauch &amp; J. Reichertz (Eds.), Kommunikativer Konstruktivismus. Springer-VS. 363-382.<\/sub><\/li>\n\n\n\n<li><sub><strong>2011<\/strong>&nbsp;(together with Hubert Knoblauch) Videography. An interpretative approach to video-recorded micro-social interaction. In: The SAGE Handbook of Visual Research Methods. E. Margolis and L. Pauwels. Sage. 414\u2013430.<\/sub><\/li>\n\n\n\n<li><sub><strong>2010<\/strong>&nbsp;(together with Hubert Knoblauch and Bernt Schnettler) Interpretative Videoanalysen in der Sozialforschung. In: Enzyklop\u00e4die Erziehungswissenschaften Online http:\/\/www.erzwissonline.de. Juventa.<\/sub><\/li>\n\n\n\n<li><sub><strong>2010<\/strong>&nbsp;(together with Bernt Schnettler and Sebastian Soler-Schreiber) Pr\u00e4sentation \u2013 Demonstration \u2013 Rezeption: Visualisierung der Wissenskommunikation. In: Unsichere Zeiten. Herausforderungen gesellschaftlicher Transformationen. Verhandlungen des 34. Kongresses der Deutschen Gesellschaft f\u00fcr Soziologie in Jena 2008. H.-G. Soeffner. VS Verlag f\u00fcr Sozialwissenschaften.<\/sub><\/li>\n\n\n\n<li><sub><strong>2007<\/strong>&nbsp;(together with Bernt Schnettler) Pannen \u2013 Powerpoint \u2013 Performanz. Technik als handelndes Drittes in visuell unterst\u00fctzten m\u00fcndlichen Pr\u00e4sentationen? In B. Schnettler &amp; H. Knoblauch (Eds.), Pr\u00e4sentationen. Formen der visuellen Kommunikation von Wissen (S. 163\u2013188). UVK.<\/sub><\/li>\n\n\n\n<li><strong><sub>Miscellaneous | Reviews | Smaller Contributions | Qualification Papers<\/sub><\/strong><\/li>\n\n\n\n<li><sub><strong>In Print<\/strong>&nbsp;(together with Mina Godarzani-Bakhtiari). Protest simulieren, Affekte ausleben: Zwei aktuelle Polizeiethnographien (Doppelrezension). Soziologische Revue.<\/sub><\/li>\n\n\n\n<li><sub><strong>2022<\/strong>&nbsp;(together with Ajit Singh) Sammelbesprechung: Im Auge des Orkans: Analysen, Befunde und Diagnosen zur Gesellschaft in der Coronapandemie. In: Soziologische Revue.<\/sub><\/li>\n\n\n\n<li><sub><strong>2021<\/strong>&nbsp;Rezension zu: Andrea Maurer, Erkl\u00e4ren in der Soziologie. Geschichte und Anspruch eines Forschungsprogramms. In: Soziologische Revue 44, 1, 161-166.<\/sub><\/li>\n\n\n\n<li><sub><strong>2018<\/strong>&nbsp;Fotographie und Gesellschaft: Ph\u00e4nomenologische und wissenssoziologische Perspektiven. (Rezension zu Thomas Eberle). European Journal of Cultural and Political Sociology, 0(0), 1\u20135.<\/sub><\/li>\n\n\n\n<li><sub><strong>2014<\/strong>&nbsp;Doppelrezension zu Hillarys Hand\/Das Politische Bild. In: Zeitschrift f\u00fcr Qualitative Forschung, 15, 2014, 1-2, 263-267.<\/sub><\/li>\n\n\n\n<li><sub><strong>2011<\/strong>&nbsp;Examining Interaction Using Video (Rezension zu Heath, Luff, Hindmarsh 2009). Symbolic Interaction, 34: 415\u2013420.<\/sub><\/li>\n\n\n\n<li><sub><strong>2008<\/strong>&nbsp;Visualization in Medicine, Msc Dissertation, King\u2019s College London.<\/sub><\/li>\n<\/ul>\n<\/div>\n","protected":false},"excerpt":{"rendered":"<p>Dr. Ren\u00e9 Tuma +49 (0)30 314-79850 rene.tuma@tu-berlin.de Fraunhoferstra\u00dfe 33-36 (FH 9-1)10587 BerlinDeutschland Vita Ren\u00e9 Tuma is a sociologist, currently Guest Professor for &#8220;General Sociology and Theory of Modern Societies&#8221; at Technische Universit\u00e4t Berlin, 2024 Guest Professor for &#8220;Comparative Policy Analysis and Qualitative Methods&#8221; at University of Vienna. He is the principal investigator for a project [&hellip;]<\/p>\n","protected":false},"author":4,"featured_media":0,"parent":0,"menu_order":0,"comment_status":"closed","ping_status":"closed","template":"","meta":{"footnotes":""},"class_list":["post-990","page","type-page","status-publish","hentry"],"_links":{"self":[{"href":"https:\/\/visionsofpolicing.com\/en\/wp-json\/wp\/v2\/pages\/990","targetHints":{"allow":["GET"]}}],"collection":[{"href":"https:\/\/visionsofpolicing.com\/en\/wp-json\/wp\/v2\/pages"}],"about":[{"href":"https:\/\/visionsofpolicing.com\/en\/wp-json\/wp\/v2\/types\/page"}],"author":[{"embeddable":true,"href":"https:\/\/visionsofpolicing.com\/en\/wp-json\/wp\/v2\/users\/4"}],"replies":[{"embeddable":true,"href":"https:\/\/visionsofpolicing.com\/en\/wp-json\/wp\/v2\/comments?post=990"}],"version-history":[{"count":6,"href":"https:\/\/visionsofpolicing.com\/en\/wp-json\/wp\/v2\/pages\/990\/revisions"}],"predecessor-version":[{"id":1468,"href":"https:\/\/visionsofpolicing.com\/en\/wp-json\/wp\/v2\/pages\/990\/revisions\/1468"}],"wp:attachment":[{"href":"https:\/\/visionsofpolicing.com\/en\/wp-json\/wp\/v2\/media?parent=990"}],"curies":[{"name":"wp","href":"https:\/\/api.w.org\/{rel}","templated":true}]}}