{"id":961,"date":"2025-03-10T12:26:41","date_gmt":"2025-03-10T12:26:41","guid":{"rendered":"https:\/\/visionsofpolicing.com\/?page_id=961"},"modified":"2025-09-15T13:57:23","modified_gmt":"2025-09-15T13:57:23","slug":"bielefeld-eng","status":"publish","type":"page","link":"https:\/\/visionsofpolicing.com\/en\/bielefeld-eng\/","title":{"rendered":""},"content":{"rendered":"\n<div class=\"wp-block-cover alignfull\" style=\"min-height:449px;aspect-ratio:unset;\"><img loading=\"lazy\" decoding=\"async\" width=\"1024\" height=\"576\" class=\"wp-block-cover__image-background wp-image-904\" alt=\"\" src=\"https:\/\/visionsofpolicing.com\/wp-content\/uploads\/2025\/03\/Bild1-Uni-Bielefeld-1024x576.jpg\" data-object-fit=\"cover\" srcset=\"https:\/\/visionsofpolicing.com\/wp-content\/uploads\/2025\/03\/Bild1-Uni-Bielefeld-1024x576.jpg 1024w, https:\/\/visionsofpolicing.com\/wp-content\/uploads\/2025\/03\/Bild1-Uni-Bielefeld-300x169.jpg 300w, https:\/\/visionsofpolicing.com\/wp-content\/uploads\/2025\/03\/Bild1-Uni-Bielefeld-768x432.jpg 768w, https:\/\/visionsofpolicing.com\/wp-content\/uploads\/2025\/03\/Bild1-Uni-Bielefeld-1536x864.jpg 1536w, https:\/\/visionsofpolicing.com\/wp-content\/uploads\/2025\/03\/Bild1-Uni-Bielefeld-2048x1152.jpg 2048w\" sizes=\"auto, (max-width: 1024px) 100vw, 1024px\" \/><span aria-hidden=\"true\" class=\"wp-block-cover__background has-background-dim\"><\/span><div class=\"wp-block-cover__inner-container is-layout-flow wp-block-cover-is-layout-flow\">\n<p class=\"has-text-align-center has-large-font-size\">Universit\u00e4t Bielefeld<\/p>\n<\/div><\/div>\n\n\n\n<div class=\"wp-block-columns alignwide is-layout-flex wp-container-core-columns-is-layout-28f84493 wp-block-columns-is-layout-flex\">\n<div class=\"wp-block-column is-layout-flow wp-block-column-is-layout-flow\">\n<p><mark style=\"background-color:rgba(0, 0, 0, 0)\" class=\"has-inline-color has-base-2-color\">.<\/mark><\/p>\n\n\n\n<p><sub><em>Our Team in <br>Universit\u00e4t Bielefeld:<\/em><\/sub><\/p>\n\n\n\n<p><sub><strong>Dr. <a href=\"https:\/\/visionsofpolicing.com\/en\/simon-egbert-eng\/\" data-type=\"page\" data-id=\"996\">Simon Egbert<\/a><\/strong><\/sub><\/p>\n\n\n\n<p><sub><strong><a href=\"https:\/\/visionsofpolicing.com\/en\/jasper-jansen-eng\/\" data-type=\"page\" data-id=\"1028\">Jasper Janssen <\/a> M.A.<\/strong><\/sub><\/p>\n\n\n\n<p><sub><strong><a href=\"https:\/\/visionsofpolicing.com\/en\/nele-dorl-eng\/\" data-type=\"page\" data-id=\"1060\">Nele D\u00f6rl<\/a><\/strong><\/sub><\/p>\n<\/div>\n\n\n\n<div class=\"wp-block-column is-layout-flow wp-block-column-is-layout-flow\">\n<p><mark style=\"background-color:rgba(0, 0, 0, 0)\" class=\"has-inline-color has-base-2-color\">.<\/mark><\/p>\n\n\n\n<p><sub>The research team of the Bodycams sub-project, based at the Faculty of Sociology at Bielefeld University, is empirically investigating the increasing implementation of body-worn recording devices (so-called bodycams) in German police authorities, as well as their influence on police work and police training.<\/sub><\/p>\n\n\n\n<p><\/p>\n\n\n\n<p class=\"has-text-align-left\"><sub>In the context of the new visibility of the police, bodycam footage potentially opens up a new approach to police action and interacts closely with bystander videos on smartphones. Against this background, the sub-project focuses on two interwoven strands of research: On the one hand, it looks at the effects of increased visual documentation on police work and the social relationship between police and society. Secondly, the potential of the resulting video recordings for the training and further education of police officers will be investigated.<\/sub><\/p>\n\n\n\n<p><\/p>\n\n\n\n<p><sub><strong>Visual technologies in everyday police work<\/strong><\/sub><\/p>\n\n\n\n<p><sub>Bodycams create a new form of visibility that enables both retrospective evaluations and systematic reflection on police actions. In this context, we are interested in how video-based materials are used in police training.<\/sub><\/p>\n\n\n\n<p><\/p>\n\n\n\n<p><sub>The questions we are addressing in this project include:<\/sub><\/p>\n\n\n\n<ul class=\"wp-block-list\">\n<li><sub>To what extent does the increased visual documentation change the police&#8217;s self-image and operational procedures?<\/sub><\/li>\n\n\n\n<li><sub>What significance do the videos have for the training and further education of police officers? What potential is seen here?<\/sub><\/li>\n\n\n\n<li><sub>What teaching and learning methods are created through the integration of visual technologies?<\/sub><\/li>\n\n\n\n<li><sub>How are videos used to train police actions in interaction with citizens?<\/sub><\/li>\n<\/ul>\n\n\n\n<p><strong><sub>Research methods<\/sub><\/strong><\/p>\n\n\n\n<p><sub>In order to investigate these questions, we conduct participant observations, including observations at police schools. In addition, we are interviewing police students, trainers and experts from police practice and related professions (forensics, courts, etc.). We also want to accompany and interview police officers about their use and perception of bodycams.<\/sub><\/p>\n\n\n\n<p><sub><strong>International cooperation for further technological development<\/strong><\/sub><\/p>\n\n\n\n<p><sub>The aim of the project is not only to understand the effects of the new visibility on police practice, but also to contribute to the development of innovative tools for analyzing and reflecting on video-based police work. In cooperation with our project partners from Cardiff University, video analysis and simulation tools will be developed to enrich police training pedagogically and promote international best practices. To this end, software solutions will be jointly developed for the annotation and didactic use of video recordings, which will enable in-depth reflection on police actions.<\/sub><\/p>\n\n\n\n<p><sub><strong>Relevant publications<\/strong><\/sub><\/p>\n\n\n\n<ul class=\"wp-block-list\">\n<li><sub>Egbert, Simon (i.E.): Police, Politics and the New Technologies. In: Terpstra, Jan B.; de Maillard, Jacques (Hrsg.): Handbook Politics of Policing. Cheltenham: Edward Edgar Publishing.<\/sub><\/li>\n\n\n\n<li><sub>Egbert, Simon; Janssen, Jasper (i.E.): Polizeiliche Bodycams als videoanalytischer Gegenstand. In: Wilke, Ren\u00e9; Knoblauch, Hubert (Hrsg.): Audio-visuelle Daten in der empirischen qualitativen Sozialforschung: Erhebung \u2013 Analyse \u2013 Nutzung \u2013 Transkription. Weinheim\/Basel: Beltz Juventa.<\/sub><\/li>\n\n\n\n<li><sub>Berger, Tom; Egbert, Simon (i.E.): Bodycams<\/sub>&nbsp;<sub>\u2013 Neue (Un-)Sichtbarkeit und polizeiliche Fehlerkultur. In: Seidensticker, Kai (Hrsg.): Fehlerkultur in der Polizei. Auspr\u00e4gung, Einflussfaktoren und M\u00f6glichkeitsr\u00e4ume.<\/sub><\/li>\n\n\n\n<li><sub>von der Burg, Le\u00f3n, Janssen, Jasper, Ebenau, Johannes (2024): Training Beyond Boundaries? Virtual Reality Scenario Training as Worldmaking for Complex, Life-Threatening Situations. In: Morawski, Michael, Wolff-Seidel, Sebastian (Hrsg.) Gaming and Geography. Key Challenges in Geography. Springer, Cham.<\/sub><\/li>\n\n\n\n<li><sub>Janssen, Jasper; Ebenau, Johannes; von der Burg, Le\u00f3n (2023): Training der Zukunft? Virtual Reality Trainings bei Deutschen Polizeibeh\u00f6rden. In: B\u00fcrgerrechte und Polizei\/CILIP (131). Institut f\u00fcr B\u00fcrgerrechte und \u00f6ffentliche Sicherheit e.V.. Berlin, S. 76-87.<\/sub><\/li>\n\n\n\n<li><sub>Tuma, Ren\u00e9; Egbert, Simon; Reichertz, Jo (2022): Videobilder und die Mediatisierung des Polizierens: Praktiken, Aneignung und Folgen. In: Feltes, Thomas; Klaas, Katrin; Th\u00fcne, Martin (Hrsg.): Digitale Polizei. Frankfurt am Main: Verlag f\u00fcr Polizeiwissenschaft, S. 263-280.<\/sub><\/li>\n<\/ul>\n<\/div>\n<\/div>\n\n\n\n<p><\/p>\n","protected":false},"excerpt":{"rendered":"<p>. Our Team in Universit\u00e4t Bielefeld: Dr. Simon Egbert Jasper Janssen M.A. Nele D\u00f6rl . The research team of the Bodycams sub-project, based at the Faculty of Sociology at Bielefeld University, is empirically investigating the increasing implementation of body-worn recording devices (so-called bodycams) in German police authorities, as well as their influence on police work [&hellip;]<\/p>\n","protected":false},"author":4,"featured_media":0,"parent":0,"menu_order":0,"comment_status":"closed","ping_status":"closed","template":"","meta":{"footnotes":""},"class_list":["post-961","page","type-page","status-publish","hentry"],"_links":{"self":[{"href":"https:\/\/visionsofpolicing.com\/en\/wp-json\/wp\/v2\/pages\/961","targetHints":{"allow":["GET"]}}],"collection":[{"href":"https:\/\/visionsofpolicing.com\/en\/wp-json\/wp\/v2\/pages"}],"about":[{"href":"https:\/\/visionsofpolicing.com\/en\/wp-json\/wp\/v2\/types\/page"}],"author":[{"embeddable":true,"href":"https:\/\/visionsofpolicing.com\/en\/wp-json\/wp\/v2\/users\/4"}],"replies":[{"embeddable":true,"href":"https:\/\/visionsofpolicing.com\/en\/wp-json\/wp\/v2\/comments?post=961"}],"version-history":[{"count":16,"href":"https:\/\/visionsofpolicing.com\/en\/wp-json\/wp\/v2\/pages\/961\/revisions"}],"predecessor-version":[{"id":1615,"href":"https:\/\/visionsofpolicing.com\/en\/wp-json\/wp\/v2\/pages\/961\/revisions\/1615"}],"wp:attachment":[{"href":"https:\/\/visionsofpolicing.com\/en\/wp-json\/wp\/v2\/media?parent=961"}],"curies":[{"name":"wp","href":"https:\/\/api.w.org\/{rel}","templated":true}]}}