{"id":941,"date":"2025-03-10T12:25:59","date_gmt":"2025-03-10T12:25:59","guid":{"rendered":"https:\/\/visionsofpolicing.com\/?page_id=941"},"modified":"2025-09-15T13:56:23","modified_gmt":"2025-09-15T13:56:23","slug":"berlin-eng","status":"publish","type":"page","link":"https:\/\/visionsofpolicing.com\/en\/berlin-eng\/","title":{"rendered":""},"content":{"rendered":"\n<div class=\"wp-block-cover alignfull\" style=\"min-height:286px;aspect-ratio:unset;\"><img loading=\"lazy\" decoding=\"async\" width=\"1024\" height=\"601\" class=\"wp-block-cover__image-background wp-image-936\" alt=\"\" src=\"https:\/\/visionsofpolicing.com\/wp-content\/uploads\/2025\/04\/TU_Berlin_Hauptgebaeude070710_UlrichDahl-1-1024x601.jpg\" data-object-fit=\"cover\" srcset=\"https:\/\/visionsofpolicing.com\/wp-content\/uploads\/2025\/04\/TU_Berlin_Hauptgebaeude070710_UlrichDahl-1-1024x601.jpg 1024w, https:\/\/visionsofpolicing.com\/wp-content\/uploads\/2025\/04\/TU_Berlin_Hauptgebaeude070710_UlrichDahl-1-300x176.jpg 300w, https:\/\/visionsofpolicing.com\/wp-content\/uploads\/2025\/04\/TU_Berlin_Hauptgebaeude070710_UlrichDahl-1-768x451.jpg 768w, https:\/\/visionsofpolicing.com\/wp-content\/uploads\/2025\/04\/TU_Berlin_Hauptgebaeude070710_UlrichDahl-1-1536x901.jpg 1536w, https:\/\/visionsofpolicing.com\/wp-content\/uploads\/2025\/04\/TU_Berlin_Hauptgebaeude070710_UlrichDahl-1-2048x1202.jpg 2048w\" sizes=\"auto, (max-width: 1024px) 100vw, 1024px\" \/><span aria-hidden=\"true\" class=\"wp-block-cover__background has-background-dim\"><\/span><div class=\"wp-block-cover__inner-container is-layout-flow wp-block-cover-is-layout-flow\">\n<p class=\"has-text-align-center has-large-font-size\">Technische Universit\u00e4t Berlin<\/p>\n<\/div><\/div>\n\n\n\n<div class=\"wp-block-group alignfull has-global-padding is-layout-constrained wp-block-group-is-layout-constrained\">\n<div class=\"wp-block-columns alignwide is-layout-flex wp-container-core-columns-is-layout-28f84493 wp-block-columns-is-layout-flex\">\n<div class=\"wp-block-column is-vertically-aligned-stretch is-layout-flow wp-block-column-is-layout-flow\">\n<p><\/p>\n\n\n\n<p class=\"has-text-align-left\"><\/p>\n\n\n\n<p><\/p>\n\n\n\n<p><\/p>\n\n\n\n<p><mark style=\"background-color:rgba(0, 0, 0, 0)\" class=\"has-inline-color has-base-2-color\">.<\/mark><\/p>\n\n\n\n<p><mark style=\"background-color:rgba(0, 0, 0, 0)\" class=\"has-inline-color has-base-2-color\">.<\/mark><\/p>\n\n\n\n<p><mark style=\"background-color:rgba(0, 0, 0, 0)\" class=\"has-inline-color has-base-2-color\">.<\/mark><\/p>\n\n\n\n<p><\/p>\n\n\n\n<p><\/p>\n\n\n\n<p class=\"has-text-align-left\"><sub>Our Team in Technische Universit\u00e4t Berlin<\/sub><\/p>\n\n\n\n<p><strong><sub>Dr. R<a href=\"https:\/\/visionsofpolicing.com\/en\/rene-tuma-eng\/\" data-type=\"page\" data-id=\"990\">en\u00e9 Tuma<\/a><\/sub><\/strong><\/p>\n\n\n\n<p><strong><sub><a href=\"https:\/\/visionsofpolicing.com\/en\/mina-godarzani-bahktiari-eng\/\" data-type=\"page\" data-id=\"1034\">Mina Godarzani Bakhtiari<\/a> M.A.<\/sub><\/strong><\/p>\n\n\n\n<p><strong><a href=\"https:\/\/visionsofpolicing.com\/en\/talia-tuana-yucel-eng\/\" data-type=\"page\" data-id=\"1067\"><sub>Talia Tuana Y\u00fccel<\/sub><\/a><\/strong><\/p>\n<\/div>\n\n\n\n<div class=\"wp-block-column is-vertically-aligned-center is-layout-flow wp-block-column-is-layout-flow\">\n<p class=\"has-text-align-left\"><\/p>\n\n\n\n<p class=\"has-text-align-left\"><sub>The focus of the subproject in Berlin is twofold: On the one hand, it focuses on the changes in the context of police interviews through the integration of video documentation. On the other hand, we examine how non-police, especially civil society institutions and organisations, use visual technologies to negotiate police work. <\/sub><\/p>\n\n\n\n<p><sub>The introduction of mandatory video documentation of some specific suspect and witness interviews in Germany (since 2020) represents a significant change in police practice. Our interest lies in understanding how those interviews are altered through the use of visual technologies and what impact this has on police practices and the course of further investigative procedures. Video recordings enable a new dimension of visibility by preserving the fleeting nature of interrogation situations, thus allowing a retrospective assessment of the actions of those involved. This new visibility opens up new access points to the interrogation situation for various actor groups \u2013 both within the police and in external bodies such as courts (also limited scientific analysis). It becomes clear that through the documentation form of video, the negotiation of legitimacy and transparency of police actions takes place, which requires further development.<\/sub><\/p>\n\n\n\n<p><sub> <strong>Research Questions:<\/strong><\/sub><\/p>\n\n\n\n<ul class=\"wp-block-list\">\n<li><sub>How the interview situation itself changes through the integration of video technology.<\/sub><\/li>\n\n\n\n<li><sub>How these technologies contribute to the establishment of new bodies of knowledge and interviewing strategies.<\/sub><\/li>\n\n\n\n<li><sub>How new forms of data management emerge, particularly concerning data protection, access, and archiving of interrogation recordings.<\/sub><\/li>\n\n\n\n<li><sub>How legal, communication, and psychological experts use videos to assess the interrogation situation<\/sub><\/li>\n<\/ul>\n\n\n\n<p><strong><sub>Non-Police Negotiation of Police Work through Visual Technologies<\/sub><\/strong><\/p>\n\n\n\n<p><sub>Currently, there is an increasing use of visual technologies by civil society organizations and human rights groups. These actors use audiovisual data to document police actions and raise them in public and legal debates. As part of our research, we are interested in the new communicative forms of engagement with police work established by these organizations. How are videos produced, used as instruments for political confrontation, and made communicatively powerful as evidence?<\/sub><\/p>\n\n\n\n<p><sub>We focus particularly on the emergence of new forms of video activism and video analysis, such as by organizations like Forensic Architecture, which use complex visual and spatial analyses to reconstruct critical events. These organizations professionalize the use of video and image material and establish new methods of proof and public staging of investigations regarding police actions. Our investigation aims to analyze the epistemological and methodological foundations of this new visual practice and understand how visual technologies enable civil society to develop new forms of accountability and societal negotiation of those events<\/sub>.<\/p>\n<\/div>\n<\/div>\n<\/div>\n\n\n\n<p class=\"has-text-align-left\"><sub>i<\/sub><\/p>\n","protected":false},"excerpt":{"rendered":"<p>. . . Our Team in Technische Universit\u00e4t Berlin Dr. Ren\u00e9 Tuma Mina Godarzani Bakhtiari M.A. Talia Tuana Y\u00fccel The focus of the subproject in Berlin is twofold: On the one hand, it focuses on the changes in the context of police interviews through the integration of video documentation. On the other hand, we examine [&hellip;]<\/p>\n","protected":false},"author":4,"featured_media":0,"parent":0,"menu_order":0,"comment_status":"closed","ping_status":"closed","template":"","meta":{"footnotes":""},"class_list":["post-941","page","type-page","status-publish","hentry"],"_links":{"self":[{"href":"https:\/\/visionsofpolicing.com\/en\/wp-json\/wp\/v2\/pages\/941","targetHints":{"allow":["GET"]}}],"collection":[{"href":"https:\/\/visionsofpolicing.com\/en\/wp-json\/wp\/v2\/pages"}],"about":[{"href":"https:\/\/visionsofpolicing.com\/en\/wp-json\/wp\/v2\/types\/page"}],"author":[{"embeddable":true,"href":"https:\/\/visionsofpolicing.com\/en\/wp-json\/wp\/v2\/users\/4"}],"replies":[{"embeddable":true,"href":"https:\/\/visionsofpolicing.com\/en\/wp-json\/wp\/v2\/comments?post=941"}],"version-history":[{"count":18,"href":"https:\/\/visionsofpolicing.com\/en\/wp-json\/wp\/v2\/pages\/941\/revisions"}],"predecessor-version":[{"id":1611,"href":"https:\/\/visionsofpolicing.com\/en\/wp-json\/wp\/v2\/pages\/941\/revisions\/1611"}],"wp:attachment":[{"href":"https:\/\/visionsofpolicing.com\/en\/wp-json\/wp\/v2\/media?parent=941"}],"curies":[{"name":"wp","href":"https:\/\/api.w.org\/{rel}","templated":true}]}}