{"id":1633,"date":"2026-03-03T16:14:13","date_gmt":"2026-03-03T16:14:13","guid":{"rendered":"https:\/\/visionsofpolicing.com\/?page_id=1633"},"modified":"2026-03-18T16:51:49","modified_gmt":"2026-03-18T16:51:49","slug":"caren-stegelmann","status":"publish","type":"page","link":"https:\/\/visionsofpolicing.com\/en\/caren-stegelmann\/","title":{"rendered":"Caren Stegelmann"},"content":{"rendered":"\n<p><sup><strong>Caren Stegelmann<\/strong> is a sociologist whose research focuses on criminal trial observation and critical police and institutional research.<\/sup><\/p>\n\n\n\n<p><sup>She holds an MA in European Studies from the Universities of Leipzig and ENS Paris, a BA in Sociology, Politics, and Economics, and is affiliated with the Research Institute for Public and Private Security (F\u00d6PS Berlin).<\/sup><\/p>\n\n\n\n<p><sup>Within the scope of the project, she is particularly concerned with the function and effect of technically mediated evidence in criminal proceedings and its relationship to witness testimony.<\/sup><\/p>\n\n\n\n<p><strong><sup>Publications<\/sup><\/strong><\/p>\n\n\n\n<ul class=\"wp-block-list\">\n<li><sup>From the People&#8217;s Police to the Saxon Police \u2013 The Saxon State Criminal Police Office after reunification. In: Mike Schmeitzner\/Carsten Schreiber\/\/Tom Thieme (eds.): Transformations of the Police. The Saxon State Criminal Police Office in the 20th Century, Nomos, 2024.<\/sup><\/li>\n<\/ul>\n\n\n\n<ul class=\"wp-block-list\">\n<li><sup>Between scandalizing and normalizing: A Look at Department 1 of the Criminal Police of the GDR after 1990. (Forthcoming)<\/sup><\/li>\n<\/ul>\n\n\n\n<ul class=\"wp-block-list\">\n<li><sup>(With Tabea Louis) Divide and Rule. On the Policing of the Sense of Security and \u2018Good Order\u2019 in the Timelines on Twitter and Instagram. In: Martin Th\u00fcne\/Kathrin Klaas\/Thomas Feltes (eds.), Digital Police. Current Fields of Application, Potentials, Limits, and Abuses, Verlag f\u00fcr Polizeiwissenschafte, 2022.<\/sup><\/li>\n<\/ul>\n\n\n\n<ul class=\"wp-block-list\">\n<li><sup>The Police on Twitter. From \u201cHey you there!\u201d to \u201cStop that!\u201d #onlylovecounts. In: Arzt, Hirschmann, Hunold, L\u00fcders, Mei\u00dfelbach, Sch\u00f6ne, Sticher (eds.): Perspectives on Police Research: 1st Young Researchers&#8217; Conference on Empirical Police Research, Berlin, 2021, pp. 185-200.<\/sup><\/li>\n<\/ul>\n\n\n\n<ul class=\"wp-block-list\">\n<li><sup>\u201cCeci n&#8217;est pas un gilet jaune\u201d A research report on a confusing movement. In: FORUM scholarship magazine of the Friedrich Ebert Foundation, 2019\/1<\/sup><\/li>\n<\/ul>\n\n\n\n<p><sup><strong>Contact:<\/strong><\/sup><em><sup>cstegelmann(at)mnet-online.de<\/sup><\/em><\/p>\n\n\n\n<p><\/p>\n","protected":false},"excerpt":{"rendered":"<p>Caren Stegelmann is a sociologist whose research focuses on criminal trial observation and critical police and institutional research. She holds an MA in European Studies from the Universities of Leipzig and ENS Paris, a BA in Sociology, Politics, and Economics, and is affiliated with the Research Institute for Public and Private Security (F\u00d6PS Berlin). Within [&hellip;]<\/p>\n","protected":false},"author":4,"featured_media":0,"parent":0,"menu_order":0,"comment_status":"closed","ping_status":"closed","template":"","meta":{"footnotes":""},"class_list":["post-1633","page","type-page","status-publish","hentry"],"_links":{"self":[{"href":"https:\/\/visionsofpolicing.com\/en\/wp-json\/wp\/v2\/pages\/1633","targetHints":{"allow":["GET"]}}],"collection":[{"href":"https:\/\/visionsofpolicing.com\/en\/wp-json\/wp\/v2\/pages"}],"about":[{"href":"https:\/\/visionsofpolicing.com\/en\/wp-json\/wp\/v2\/types\/page"}],"author":[{"embeddable":true,"href":"https:\/\/visionsofpolicing.com\/en\/wp-json\/wp\/v2\/users\/4"}],"replies":[{"embeddable":true,"href":"https:\/\/visionsofpolicing.com\/en\/wp-json\/wp\/v2\/comments?post=1633"}],"version-history":[{"count":2,"href":"https:\/\/visionsofpolicing.com\/en\/wp-json\/wp\/v2\/pages\/1633\/revisions"}],"predecessor-version":[{"id":1637,"href":"https:\/\/visionsofpolicing.com\/en\/wp-json\/wp\/v2\/pages\/1633\/revisions\/1637"}],"wp:attachment":[{"href":"https:\/\/visionsofpolicing.com\/en\/wp-json\/wp\/v2\/media?parent=1633"}],"curies":[{"name":"wp","href":"https:\/\/api.w.org\/{rel}","templated":true}]}}