{"id":1095,"date":"2024-12-13T15:02:16","date_gmt":"2024-12-13T15:02:16","guid":{"rendered":"https:\/\/visionsofpolicing.com\/?page_id=1095"},"modified":"2025-05-18T22:09:45","modified_gmt":"2025-05-18T22:09:45","slug":"publications-germany-eng","status":"publish","type":"page","link":"https:\/\/visionsofpolicing.com\/en\/germany-eng\/publications-germany-eng\/","title":{"rendered":"Publications Germany"},"content":{"rendered":"\n<div class=\"wp-block-columns is-layout-flex wp-container-core-columns-is-layout-28f84493 wp-block-columns-is-layout-flex\">\n<div class=\"wp-block-column is-layout-flow wp-block-column-is-layout-flow\">\n<figure class=\"wp-block-image size-full is-resized\"><img loading=\"lazy\" decoding=\"async\" width=\"677\" height=\"960\" src=\"https:\/\/visionsofpolicing.com\/wp-content\/uploads\/2025\/03\/s-l960-3.webp\" alt=\"\" class=\"wp-image-912\" style=\"width:178px;height:auto\"\/><\/figure>\n<\/div>\n\n\n\n<div class=\"wp-block-column is-layout-flow wp-block-column-is-layout-flow\">\n<figure class=\"wp-block-image size-full is-resized\"><img loading=\"lazy\" decoding=\"async\" width=\"474\" height=\"667\" src=\"https:\/\/visionsofpolicing.com\/wp-content\/uploads\/2025\/03\/th-1-2.jpg\" alt=\"\" class=\"wp-image-922\" style=\"width:182px;height:auto\"\/><\/figure>\n<\/div>\n\n\n\n<div class=\"wp-block-column is-layout-flow wp-block-column-is-layout-flow\">\n<figure class=\"wp-block-image size-full is-resized\"><img loading=\"lazy\" decoding=\"async\" width=\"423\" height=\"600\" src=\"https:\/\/visionsofpolicing.com\/wp-content\/uploads\/2025\/03\/diskurs-und-materialitaet-taschenbuch-simon-egbert-1.webp\" alt=\"\" class=\"wp-image-924\" style=\"width:181px;height:auto\"\/><\/figure>\n<\/div>\n<\/div>\n\n\n\n<p><sub>2026<\/sub><\/p>\n\n\n\n<ul class=\"wp-block-list\">\n<li><sub>Egbert, Simon: Police, Politics and the New Technologies. In: Terpstra, Jan B.; de Maillard, Jacques (Eds.): Handbook Politics of Policing. Cheltenham: Edward Edgar Publishing.<\/sub><\/li>\n\n\n\n<li><sub>Egbert, Simon: Datenverarbeitung in der Polizei. In: Behr, Rafael; Hunold, Daniela; Singelnstein, Tobias (Eds.): Handbuch Polizeiforschung. Baden-Baden: Nomos<\/sub><\/li>\n<\/ul>\n\n\n\n<p><sub>2025<\/sub><\/p>\n\n\n\n<ul class=\"wp-block-list\">\n<li><sub>Egbert, Simon; Janssen, Jasper: Polizeiliche Bodycams als videoanalytischer Gegenstand. In: Wilke, Ren\u00e9; Knoblauch, Hubert (Eds.): Audio-visuelle Daten in der empirischen qualitativen Sozialforschung: Erhebung \u2013 Analyse \u2013 Nutzung \u2013 Transkription. Weinheim\/Basel: Beltz Juventa.<\/sub><\/li>\n\n\n\n<li><sub>Godarzani-Bakhtiari, Mina; Tuma, Ren\u00e9: Polizeiliche Vernehmungen \u2013 zum Wandel einer hochintensiven Kommunikationsform durch ihre audiovisuelle Aufzeichnung. In: Wilke, Ren\u00e9; Knoblauch, Hubert (Eds.): Audio-visuelle Daten in der empirischen qualitativen Sozialforschung: Erhebung \u2013 Analyse \u2013 Nutzung \u2013 Transkription. Weinheim\/Basel: Beltz Juventa.<\/sub><\/li>\n\n\n\n<li><sub>Berger, Tom; Egbert, Simon: Bodycams:Neue (Un-)Sichtbarkeit und polizeiliche Fehlerkultur. In: Seidensticker, Kai (Eds.): Fehlerkultur in der Polizei. Auspr\u00e4gung, Einflussfaktoren und M\u00f6glichkeitsr\u00e4ume.<\/sub><\/li>\n\n\n\n<li><sub>Godarzani-Bakhtiari, Mina; Tuma, Ren\u00e9: Vom flachen Bild zur verr\u00e4umlichten visuellen Analyse: Forensic Architecture und die Verschachtelung von Big Visual Data. In: Schweizer Zeitschrift f\u00fcr Soziologie 51(2)<\/sub><\/li>\n\n\n\n<li><sub>Godarzani-Bakhtiari, Mina: Die Analyse des Analysierens visueller Artefakte. Vergleichende-Videoartefakt-Analyse der Evidenzkonstruktionen von Forensic Architecture. In: Forum Qualitative Sozialforschung.<\/sub><\/li>\n<\/ul>\n\n\n\n<p><sub>2024<\/sub><\/p>\n\n\n\n<ul class=\"wp-block-list\">\n<li><sub>Godarzani-Bakhtiari, M. (2024). Gegen\u00f6ffentliche Problematisierung polizeilicher Nekropolitik: Forensic Architecture\u2019s Investigation des Polizeieinsatzes in Hanau. In: sub\\urban. Zeitschrift f\u00fcr kritische Stadtforschung 12(2),13-42.<\/sub><\/li>\n<\/ul>\n\n\n\n<p><sub>2022<\/sub><\/p>\n\n\n\n<ul class=\"wp-block-list\">\n<li><sub>Tuma, Ren\u00e9; Egbert, Simon; Reichertz, Jo:\u00a0<em>Videobilder und die Mediatisierung des Polizierens: Praktiken, Aneignung und Folgen<\/em>. In: Feltes, Thomas; Klaas, Katrin; Th\u00fcne, Martin (Eds.): Digitale Polizei. Frankfurt am Main: Verlag f\u00fcr Polizeiwissenschaft, S. 263-280.<\/sub><\/li>\n<\/ul>\n\n\n\n<p><sub>Andere thematischen relevante Publikationen<\/sub><\/p>\n\n\n\n<ul class=\"wp-block-list\">\n<li><sub>von der Burg, Le\u00f3n, Janssen, Jasper, Ebenau, Johannes (2024). Training Beyond Boundaries? Virtual Reality Scenario Training as Worldmaking for Complex, Life-Threatening Situations. In: Morawski, Michael, Wolff-Seidel, Sebastian (Eds.) Gaming and Geography. Key Challenges in Geography. Springer, Cham. https:\/\/doi.org\/10.1007\/978-3-031-42260-7_9<\/sub><\/li>\n\n\n\n<li><sub>Janssen, Jasper; Ebenau, Johannes; von der Burg, Le\u00f3n (2023) Training der Zukunft? Virtual Reality Trainings bei Deutschen Polizeibeh\u00f6rden. In: B\u00fcrgerrechte und Polizei\/CILIP (131). Institut f\u00fcr B\u00fcrgerrechte und \u00f6ffentliche Sicherheit e.V.. Berlin, S. 76-87. Online verf\u00fcgbar unter: https:\/\/www.cilip.de\/2023\/04\/03\/training-der-zukunft-virtual-reality-trainings-bei-deutschen-polizeibehoerden\/<\/sub><\/li>\n\n\n\n<li><sub>Hoebel, Thomas, Reichertz, Jo &amp; Ren\u00e9 Tuma (Eds.) (2022), Visibilities of Violence \u2013 Videoanalysis and beyond? HSR Historical Sociological Research. 47(1). 7-35.<\/sub><\/li>\n\n\n\n<li><sub>Don Weenink, Tuma, Rene &amp; Marly van Bruchem (2022). How to Start a Fight: A Qualitative Video Analysis of the Trajectories Toward Violence Based on Phone-Camera Recorded Fights. Human Studies, 45(3), 577\u2013605. https:\/\/doi.org\/10.1007\/s10746-022-09634-6<\/sub><\/li>\n\n\n\n<li><sub>Tuma, Rene (2021) Schaffen Videoaufzeichnungen Verbindlichkeit? In: J. Raab &amp; S. Hoggenm\u00fcller, Prek\u00e4re Verbindlichkeiten. Normierungen, ihre \u00dcberschreitungen und die kommunikative Vermittlung von Abweichungen. Springer VS. 147-172.<\/sub><\/li>\n\n\n\n<li><sub>Tuma, Rene (2019) Vernacular Video Analysis \u2013 Communicative Construction of Evidence in Police Work. In: Society Register 3(1) 137-162.<\/sub><\/li>\n\n\n\n<li><sub>Tuma, Rene 2017 Videoprofis im Alltag \u2013 Die kommunikative Vielfalt der Videoanalyse. Wiesbaden: Springer-VS.<\/sub><\/li>\n<\/ul>\n\n\n\n<p><strong><sub>Rezensionen<\/sub><\/strong><\/p>\n\n\n\n<p><sub>2024<\/sub><\/p>\n\n\n\n<ul class=\"wp-block-list\">\n<li><sub>Tuma, R., &amp; Godarzani-Bakhtiari, M. (2024). Protest simulieren, Affekte ausleben: Zwei aktuelle Polizeiethnographien: Andrea Kretschmann, Simulative Souver\u00e4nit\u00e4t: Eine Soziologie politischer Ordnungsbildung. Konstanz: Konstanz University Press 2023, 384 S., gb., 38, 00\u20ac Stephanie Schmidt, Affekt und Polizei: Eine Ethnografie der Wut in der exekutiven Gewaltarbeit. Bielefeld: transcript 2023, 366 S., kt., 39, 00\u20ac. Soziologische Revue 47(4), 1-10.<\/sub><\/li>\n\n\n\n<li><sub>Godarzani-Bakhtiari, M. (2024). Raum und Kriminalisierung \u2013 Abstraktion als Herrschaftsinstrument?<\/sub><\/li>\n\n\n\n<li><sub>Rezension zu Bernd Belina (2023): Gef\u00e4hrliche Abstraktionen. Regieren mittels Kriminalisierung und Raum. Beitr\u00e4ge 2005-2023. M\u00fcnster: Westf\u00e4lisches Dampfboot. sub\\urban. Zeitschrift f\u00fcr kritische Stadtforschung 12(2), 261-268.<\/sub><\/li>\n<\/ul>\n\n\n\n<p><sub><strong>Vortr\u00e4ge<\/strong><\/sub><\/p>\n\n\n\n<p><sub>2024<\/sub><\/p>\n\n\n\n<ul class=\"wp-block-list\">\n<li><sub><strong>Wien:<\/strong>\u00a0Godarzani-Bakhtiari, Mina; Janssen, Jasper; Egbert, Simon; Tuma, Ren\u00e9: New Police Visibility: Neue Formen der Fremd und Selbstbeobachtung der Polizei und die Konsequenzen f\u00fcr ihre Arbeit. Tagung: \u201cGeb\u00e4ndigte Unsicherheit: Mediale Inszenierungen von Polizei und Verbrechen\u201d im SFB \/ Transregio 138 \u201eDynamiken der Sicherheit\u201c. Philipps-Universit\u00e4t<\/sub><\/li>\n\n\n\n<li><sub><strong>Marburg.<\/strong>\u00a007.\/09.11.2024: Tuma, Ren\u00e9; Godarzani-Bakhtiari, Mina: The Spatial (Re-)Organisation of<\/sub><\/li>\n\n\n\n<li><sub>Micro-Interactional Violence. 6th CRC 1265 International Conference on \u201cConflicts in Space \u2013 Spatial Conflicts. Current Research Perspectives\u201d. 10.\/11.10.2024.<\/sub><\/li>\n\n\n\n<li><sub>Godarzani-Bakhtiari, Mina; Tuma, Ren\u00e9. Forensic Architecture: From a fragmented landscape of precarious visual data to evidence.<a href=\"https:\/\/www.europeansociology.org\/conference\/2024\">\u00a016th Conference of the European Sociological Association<\/a>\u00a0\u201cTension, Trust and Transformation\u201d,\u00a0<strong>Porto, Portugal.<\/strong><\/sub><\/li>\n\n\n\n<li><sub>Godarzani-Bakhtiari, Mina: Counter-Public Negotiations of Policings Necropolitics. 4th International and Interdisciplinary Conference on Spatial Methods for Urban Sustainability (SMUS Conference).\u00a0<strong>Bangkok, Thailand.\u00a0<\/strong>23\u201229.07.2024.<\/sub><\/li>\n\n\n\n<li><sub>Godarzani-Bakhtiari, Mina: Multi-layered Temporality in the Documentation of Forensic Architecture. IIEMCA Conference Seoul,\u00a0<strong>South Korea.<\/strong>\u00a026-30.06.2024<\/sub><\/li>\n\n\n\n<li><sub>Berger, Tom; Egbert, Simon: Police Bodycams in Germany: From Surveillance to Accountability Tool? Surveillance Studies Conference, 29.05.2024,<strong>\u00a0University of<\/strong>\u00a0<strong>Lubiljana\u00a0<\/strong><\/sub><\/li>\n\n\n\n<li><sub>Godarzani-Bakhtiari, Mina: Forensic Architecture: Counter-Public Negotiations of Policings Necropolitics. The 10th Biennial Surveillance Studies Network \/ Surveillance &amp; Society Conference (SSN 2024)\u00a0<strong>Ljubljana, Slovenia.<\/strong>\u00a027.05-01.06.24<\/sub><\/li>\n\n\n\n<li><sub>Egbert, Simon: Polizeigewalt? Professionelles Vorgehen! Videografisch gest\u00fctzte Kategorisierung von polizeilichen Handlungen in den Sozialen MedienWorkshop \u201aMembership Categorization Analysis. Soziologische Perspektiven auf ein Forschungsprogramm\u2018,\u00a0<strong>Universit\u00e4t Duisburg-Essen<\/strong>, 21.03.2024.<\/sub><\/li>\n\n\n\n<li><sub>Godarzani-Bakhtiari, Mina: Forensic Architecture: \u201aGegen\u00f6ffentliche\u2018 Verhandlung von Kategorien. Tagung: Membership Categorization Analysis. Soziologische Perspektiven auf ein Forschungsprogramm.\u00a0<strong>University Duisburg\/Essen, Germany.\u00a0<\/strong>27-29.03.2024.<\/sub><\/li>\n\n\n\n<li><sub>Godarzani-Bakhtiari, Mina: Diskussionsbeitrag zu Bernd Belina: Gef\u00e4hrliche Abstraktionen. Regieren mittels Kriminalisierung und Raum. Raumproduktionen: Recht, Kriminalisierung und Raum. Workshop und Buchvorstellungen der Reihe Raumproduktionen.\u00a0<strong>TU Berlin<\/strong>. 19.01.2024.<\/sub><\/li>\n<\/ul>\n\n\n\n<p><sub>2023<\/sub><\/p>\n\n\n\n<ul class=\"wp-block-list\">\n<li><sub>Tuma, Ren\u00e9; Godarzani-Bakhtiari. Forensic Architecture: Video &amp; Gegenforensik. Workshop: Qualitative Videoanalyse \u2013 Audio-visuelle Daten und ihre Kontexte.\u00a0<strong>TU Berlin, Germany.<\/strong>\u00a009-10\/11\/2023\u00a0<\/sub><\/li>\n\n\n\n<li><sub>Tuma, Ren\u00e9; Godarzani-Bakhtiari, Mina: The Introduction and Implications of Video Recording in Suspect Interrogations. 23rd Annual Conference of the European Society of Criminology \u2013 EUROCRIM.\u00a0<strong>Florenz, Italy.<\/strong>\u00a006-09.09.2023.<\/sub><\/li>\n\n\n\n<li><sub>Godarzani-Bakhtiari, Mina: Forensic Architecture: Counterpublic investigations of policing using visual and spatial technology.\u00a0 Workshop: The New Visibilities of Policing in-action.<strong>\u00a0Cardiff University, UK.\u00a0<\/strong>26-28.07.2023<\/sub><\/li>\n\n\n\n<li><sub>Tuma, Ren\u00e9; Egbert, Simon: Neue Sichtbarkeit der Polizeiarbeit: Wie visuelle Technologien Polizeiaufsicht und -ausbildung pr\u00e4gen Netzwerk Kriminologie, Prof. Dr.<sup>in<\/sup>\u00a0Kirstin Drenkhahn,\u00a0<strong>FU Berlin,<\/strong>\u00a027.06.2023<\/sub><\/li>\n<\/ul>\n","protected":false},"excerpt":{"rendered":"<p>2026 2025 2024 2022 Andere thematischen relevante Publikationen Rezensionen 2024 Vortr\u00e4ge 2024 2023<\/p>\n","protected":false},"author":4,"featured_media":0,"parent":971,"menu_order":0,"comment_status":"closed","ping_status":"closed","template":"","meta":{"footnotes":""},"class_list":["post-1095","page","type-page","status-publish","hentry"],"_links":{"self":[{"href":"https:\/\/visionsofpolicing.com\/en\/wp-json\/wp\/v2\/pages\/1095","targetHints":{"allow":["GET"]}}],"collection":[{"href":"https:\/\/visionsofpolicing.com\/en\/wp-json\/wp\/v2\/pages"}],"about":[{"href":"https:\/\/visionsofpolicing.com\/en\/wp-json\/wp\/v2\/types\/page"}],"author":[{"embeddable":true,"href":"https:\/\/visionsofpolicing.com\/en\/wp-json\/wp\/v2\/users\/4"}],"replies":[{"embeddable":true,"href":"https:\/\/visionsofpolicing.com\/en\/wp-json\/wp\/v2\/comments?post=1095"}],"version-history":[{"count":5,"href":"https:\/\/visionsofpolicing.com\/en\/wp-json\/wp\/v2\/pages\/1095\/revisions"}],"predecessor-version":[{"id":1273,"href":"https:\/\/visionsofpolicing.com\/en\/wp-json\/wp\/v2\/pages\/1095\/revisions\/1273"}],"up":[{"embeddable":true,"href":"https:\/\/visionsofpolicing.com\/en\/wp-json\/wp\/v2\/pages\/971"}],"wp:attachment":[{"href":"https:\/\/visionsofpolicing.com\/en\/wp-json\/wp\/v2\/media?parent=1095"}],"curies":[{"name":"wp","href":"https:\/\/api.w.org\/{rel}","templated":true}]}}