{"id":1028,"date":"2025-03-10T16:30:15","date_gmt":"2025-03-10T16:30:15","guid":{"rendered":"https:\/\/visionsofpolicing.com\/?page_id=1028"},"modified":"2025-04-15T20:59:15","modified_gmt":"2025-04-15T20:59:15","slug":"jasper-jansen-eng","status":"publish","type":"page","link":"https:\/\/visionsofpolicing.com\/en\/jasper-jansen-eng\/","title":{"rendered":"Jasper Janssen ENG"},"content":{"rendered":"\n<div class=\"wp-block-group is-nowrap is-layout-flex wp-container-core-group-is-layout-6c531013 wp-block-group-is-layout-flex\">\n<p><sub>Picture<\/sub> <sub>Jasper Janssen<\/sub><\/p>\n\n\n\n<p><sub>jasperjanssen@uni-bielefeld.de<\/sub><\/p>\n\n\n\n<p><sub>Universit\u00e4tsstra\u00dfe<br>Geb\u00e4ude X,<br>Raum B3-107<br>33501 Bielefeld<\/sub><\/p>\n<\/div>\n\n\n\n<p>Vita<\/p>\n\n\n\n<p><sub>Jasper Janssen\u2019s research interests focus on the intersections between police and society in the context of changing socio-technical conditions. He is currently working at Bielefeld University as a research associate in the project &#8220;Visions of Policing: How Visual Technologies Shape Police Oversight and Training&#8221;, which is funded by the Open Research Area for the Social Sciences Research Group. In this project, Jasper Janssen investigates the implementation of bodycams in German police agencies and how these technologies are transforming police work and training, as well as the relationship between citizens and the police. As part of his doctoral research, he also explores how cooperation (or willingness to cooperate) between citizens and the police is being renegotiated in the context of new forms of police visibility through visuality-centered technologies and mediatisations.<\/sub> <sub>Previously, he conducted research in the project &#8220;Situational Awareness: Sensing Security in the City&#8221;, funded by the German Research Foundation (DFG). His work there included examining the significance of sensitivity and preparedness in contemporary security thinking, the handling and training for \u201clife-threatening operational situations,\u201d and the implementation of virtual reality training. He also studied how civil society and affected communities negotiate the phenomenon of stochastic terrorism.<\/sub><\/p>\n\n\n\n<p><sub>Another core area of his work is the phenomenon of police image and public relations, particularly on digital, visuality-centered platforms. He holds academic degrees in Sociology and Human Geography (Bachelor\u2019s: Friedrich Schiller University Jena) and in Criminological Social Research (Master\u2019s: International Criminology, University of Hamburg).<\/sub><\/p>\n\n\n\n<p><sub><strong>Publications<\/strong><\/sub><\/p>\n\n\n\n<p><strong><sub>Papers in Books and Journals<\/sub><\/strong><\/p>\n\n\n\n<ul class=\"wp-block-list\">\n<li><sub>In print: Berger, Tom; Egbert, Simon; Janssen, Jasper (2025) Einsatz und Regulierung von polizeilichen Bodycams in Deutschland \u2013 Eine Bestandsaufnahme. Forschungsbericht. Universit\u00e4t Bielefeld.<\/sub><\/li>\n\n\n\n<li><sub>In print: Egbert, Simon; Janssen, Jasper (2025) Zwischen Interaktion und Produkt. Polizeiliche Bodycamaufnahmen als hybrider Gegenstand der Videoanalyse. In: Wilke, Ren\u00e9; Knoblauch, Hubert: Videographie und Videoanalyse. Beitr\u00e4ge zur Erhebung, Analyse und Nutzung von Videodaten in der Qualitativen Forschung. Beltz Juventa.<\/sub><\/li>\n\n\n\n<li><sub>von der Burg, Le\u00f3n; Janssen, Jasper; Ebenau, Johannes (2024) \u201eTraining Beyond Boundaries? Virtual Reality Scenario Training as Worldmaking for Complex, Life Threatening Situations. In: Morawski; Wolff-Seidel (Hrsg.) Gaming and Geography: A Multi-Perspective Approach to Understanding the Impacts of Geography (Education). Springer VS. Wiesbaden, S. 181-198 Online verf\u00fcgbar unter: https:\/\/link.springer.com\/book\/9783031422591<\/sub><\/li>\n\n\n\n<li><sub>von der Burg, Le\u00f3n; Ebenau, Johannes; Janssen, Jasper (2023) Training der Zukunft? Virtual Reality Trainings bei Deutschen Polizeibeh\u00f6rden. In: B\u00fcrgerrechte und Polizei\/CILIP (131). Institut f\u00fcr B\u00fcrgerrechte und \u00f6ffentliche Sicherheit e.V.. Berlin, S. 76-87. Online verf\u00fcgbar unter: https:\/\/www.cilip.de\/2023\/04\/03\/training-der-zukunft-virtual-reality-trainings-bei-deutschen-polizeibehoerden\/\u00a0<\/sub><\/li>\n\n\n\n<li><sub>Janssen, Jasper; Agoropoulos, Alexa (2022). Betroffene Polizei? Von polizeilichen Vulnerabilit\u00e4tsnarrativen zu Formen diskursiver (Re)Souver\u00e4nisierung. In: Feltes, Klaas, Th\u00fcne (Hrsg.): Digitale Polizei: Einsatzfelder, Potenziale, Grenzen und Missst\u00e4nde. Verlag f\u00fcr Polizeiwissenschaft. Frankfurt am Main, S. 201-220.<\/sub><\/li>\n\n\n\n<li><sub>Agoropoulos, Alexa; Hundertmark, Ben; Janssen, Jasper; Louis, Tabea (2021). #instacops. Strategien und Narrative digitaler Polizeiarbeit am Beispiel des Digitalen Community Policings der Polizei Niedersachsen. In: Arzt, Hirschmann, Hunold, L\u00fcders, Mei\u00dfelbach, Sch\u00f6ne, Sticher (Hrsg.): Perspektiven der Polizeiforschung: 1. Nachwuchstagung Empirische Polizeiforschung \u2013 4.\/5. M\u00e4rz 2021. Berlin, S. 219-234.<\/sub><\/li>\n\n\n\n<li><sub>Forschungsgruppe Instacops (2021) Im Blauen Netz: #thinblueline und Digitales Community Policing auf Instagram. In: B\u00fcrgerrechte und Polizei\/CILIP (127). Institut f\u00fcr B\u00fcrgerrechte und \u00f6ffentliche Sicherheit e.V.. Berlin, S. 99-112. Online verf\u00fcgbar unter: https:\/\/www.cilip.de\/2021\/12\/18\/im-blauen-netz-thinblueline-und-digitales-community-policing-auf-instagram\/<\/sub><\/li>\n<\/ul>\n\n\n\n<p><strong><sub>Vortr\u00e4ge<\/sub><\/strong><\/p>\n\n\n\n<p><sub>Marburg (2024) gemeinsam mit Simon Egbert, Rene Tuma &amp; Mina Godarzani-Bakhtiari:<em>&nbsp;\u201eNew Visibility. Neue Formen der Fremd- und Selbstbeobachtung der Polizei und die Konsequenzen f\u00fcr ihre Arbeit\u201c.<\/em>&nbsp;Workshop:&nbsp;<a href=\"https:\/\/www.uni-marburg.de\/de\/sfb138\/aktuelles\/termine\/tagung-gebaendigte-unsicherheit-mediale-inszenierung-von-polizei-und-verbrechen\">\u201eGeb\u00e4ndigte Unsicherheit. Mediale Inszenierungen von Polizei und Verbrechen\u201c<\/a>&nbsp;\u2014 Phillips Universit\u00e4t Marburg, Sonderforschungsbereich \u201eDynamiken der Sicherheit\u201c, 07.-08. November 2024.<\/sub><\/p>\n\n\n\n<p><sub>Vilnius (2022):&nbsp;<em>\u201eVulnerable Sovereignty? A Reconstructive Analysis of Police Narratives of Vulnerability on Instagram\u201c<\/em>. The Fall Common Session 2022:&nbsp;<a href=\"https:\/\/commonstudyprogramme.net\/archives\/vilnius-fall-2022\/\">\u201eNormalisation of Emergent Deviances: Re-Building the \u2018Brave New World\u2019?\u201c<\/a>&nbsp;\u2014 Vilnius University, Faculty of Philosophy, 27.-30. November 2022.<\/sub><\/p>\n\n\n\n<p><sub>Genf (2021), gemeinsam mit Alexa Agoropoulos, Ben Hundertmark &amp; Tabea Louis:<em>\u201eThe Thick Blue Net: The Hashtag #thinblueline and the Digital Community Policing by the Lower Saxony State Police on Instagram\u201c<\/em>.&nbsp;<a href=\"https:\/\/geoscience-meeting.ch\/sgm2021\/program\/session-program\/\">19. Swiss Geoscience Meeting 2021<\/a>. \u2014<\/sub>&nbsp;<sub>University of Geneva. 19.-20. November 2021.<\/sub><\/p>\n\n\n\n<p><sub>London (2021), gemeinsam mit Alexa Agoropoulos, Ben Hundertmark &amp; Tabea Louis:&nbsp;<em>\u201e#Instacops \u2013 Image, Aesthetics and (Self)Representation of Policing in the Digital Space: The Case of the Lower Saxony State Police on Instagram\u201c<\/em>.&nbsp;<a href=\"https:\/\/osf.io\/bmh8x\">RGS-IBG Annual International Conference 2021<\/a>. \u2014<\/sub>&nbsp;<sub>Royal Geographical Society-Institute of British Geographers, 31. August-10. September 2021.<\/sub><\/p>\n\n\n\n<p><sub>Berlin (2021), gemeinsam mit Alexa Agoropoulos, Ben Hundertmark &amp; Tabea Louis:&nbsp;<em>\u201e#Instacops \u2013 Strategien und Wirkungen digitaler Polizeiarbeit auf Instagram\u201c<\/em>.&nbsp;<a href=\"https:\/\/www.foeps-berlin.org\/veranstaltungen\/nachwuchstagung-empirische-polizeiforschung-2021\/\">Nachwuchstagung Empirische Polizeiforschung 2021<\/a>. \u2014 Hochschule f\u00fcr Wirtschaft und Recht Berlin, Forschungsinstitut f\u00fcr \u00f6ffentliche und private Sicherheit Berlin (F\u00d6PS), 04.-05. M\u00e4rz 2021.<\/sub><\/p>\n\n\n\n<p><strong><sub>Miscellaneous<\/sub><\/strong><\/p>\n\n\n\n<ul class=\"wp-block-list\">\n<li><sub>Janssen, Jasper; Ziour, Jordi (2020). Ich krieg die Krise! Resilienzanrufungen im Studieren vor und w\u00e4hrend der Covid-19 Pandemie. In: Huch \u2013 Zeitschrift der studentischen Selbstverwaltung (91). Berlin, S. 3-5. Online verf\u00fcgbar unter:\u00a0 https:\/\/www.refrat.de\/huch\/archiv\/pdf\/HUch91.pdf<\/sub><\/li>\n<\/ul>\n","protected":false},"excerpt":{"rendered":"<p>Picture Jasper Janssen jasperjanssen@uni-bielefeld.de Universit\u00e4tsstra\u00dfeGeb\u00e4ude X,Raum B3-10733501 Bielefeld Vita Jasper Janssen\u2019s research interests focus on the intersections between police and society in the context of changing socio-technical conditions. He is currently working at Bielefeld University as a research associate in the project &#8220;Visions of Policing: How Visual Technologies Shape Police Oversight and Training&#8221;, which is [&hellip;]<\/p>\n","protected":false},"author":4,"featured_media":0,"parent":0,"menu_order":0,"comment_status":"closed","ping_status":"closed","template":"","meta":{"footnotes":""},"class_list":["post-1028","page","type-page","status-publish","hentry"],"_links":{"self":[{"href":"https:\/\/visionsofpolicing.com\/en\/wp-json\/wp\/v2\/pages\/1028","targetHints":{"allow":["GET"]}}],"collection":[{"href":"https:\/\/visionsofpolicing.com\/en\/wp-json\/wp\/v2\/pages"}],"about":[{"href":"https:\/\/visionsofpolicing.com\/en\/wp-json\/wp\/v2\/types\/page"}],"author":[{"embeddable":true,"href":"https:\/\/visionsofpolicing.com\/en\/wp-json\/wp\/v2\/users\/4"}],"replies":[{"embeddable":true,"href":"https:\/\/visionsofpolicing.com\/en\/wp-json\/wp\/v2\/comments?post=1028"}],"version-history":[{"count":4,"href":"https:\/\/visionsofpolicing.com\/en\/wp-json\/wp\/v2\/pages\/1028\/revisions"}],"predecessor-version":[{"id":1033,"href":"https:\/\/visionsofpolicing.com\/en\/wp-json\/wp\/v2\/pages\/1028\/revisions\/1033"}],"wp:attachment":[{"href":"https:\/\/visionsofpolicing.com\/en\/wp-json\/wp\/v2\/media?parent=1028"}],"curies":[{"name":"wp","href":"https:\/\/api.w.org\/{rel}","templated":true}]}}